{"id":149,"date":"2023-07-12T13:23:36","date_gmt":"2023-07-12T16:23:36","guid":{"rendered":"https:\/\/danielrobertomucheroni.siteup.dev\/?page_id=149"},"modified":"2025-09-15T06:43:05","modified_gmt":"2025-09-15T09:43:05","slug":"privacy-policy","status":"publish","type":"page","link":"https:\/\/danielrobertomucheroni.siteup.dev\/es\/politica-de-privacidad\/","title":{"rendered":"Privacy Policy"},"content":{"rendered":"<p>Esta Pol\u00edtica de Privacidad est\u00e1 destinada a la comunicaci\u00f3n de que informaci\u00f3n personal recogemos de nuestros usuarios y c\u00f3mo la usamos.<\/p>\n<p>Para el procesamiento de la informaci\u00f3n de nuestros usuarios, hemos implantado todas las medidas de seguridad t\u00e9cnicas y organizacionales establecidas en la legislaci\u00f3n actual.<\/p>\n<p>&nbsp;<\/p>\n<p><strong>1 - \u00bfQui\u00e9n es el responsable por nuestras informaciones personales?<\/strong><\/p>\n<p>Ninpon es el nombre designado por la empresa Ninpon Unipessoal Lda., con el N\u00famero de Identificaci\u00f3n Fiscal (NIF) 000000000000, y es la entidad responsable por su informaci\u00f3n personal.<\/p>\n<p>Informamos que el dominio y sitio web ninpon.com son enteramente propiedad de Ninpon Unipessoal Lda.<br \/>\nEste s\u00edtio web est\u00e1 en conformidad con el Reglamento (UE) 2016\/679 del Parlamento Europeo y del Consejo, de 27 de abril de 2016, relativo a la protecci\u00f3n de las personas f\u00edsicas en lo que respecta al tratamiento de datos personales y a la libre circulaci\u00f3n de estos datos (RGPD).<\/p>\n<p>Los usuarios pueden contactarnos a trav\u00e9s del correo electr\u00f3nico siguiente: info@ninpon.com<\/p>\n<p>&nbsp;<\/p>\n<p><strong>2 - Usuario<\/strong><\/p>\n<p>El usuario es la persona que navega en ninpon.com, en cualquier de sus p\u00e1ginas o secciones, posea o no una cuenta en el sitio web descrito. A partir del momento en el que el usuario accede a la navegaci\u00f3n, una relaci\u00f3n se establece, en la cual acepta los T\u00e9rminos y Condiciones, as\u00ed como la pol\u00edtica aqu\u00ed declarada.<\/p>\n<p>Usuarios con menos de 18 a\u00f1os necesitan el consentimiento parental o la autorizaci\u00f3n de su tutor legal para el procesamiento de sus datos personales. Ninpon no puede verificar de manera eficaz la edad de sus usuarios, y, por lo tanto, est\u00e1 exenta de cualquier responsabilidad si el usuario no cumple con lo que est\u00e1 aqu\u00ed declarado.<\/p>\n<p>&nbsp;<\/p>\n<p><strong>3 - Uso de datos personales<\/strong><\/p>\n<p>Los datos personales recogidos por Ninpon ser\u00e1n utilizados para los seguientes fines:<\/p>\n<p>1 - Suministro de servicios ofrecidos a trav\u00e9s del sitio web.<br \/>\n2 - Env\u00edo de publicidad de Ninpon sobre sus servicios v\u00eda correo eletr\u00f3nico.<br \/>\n3 - Servicios anal\u00edticos<\/p>\n<p>Ninpon trata la protecci\u00f3n de su privacidad con seriedad. Por lo tanto, sus datos personales son mantenidos seguros y tratados con el cuidado m\u00e1ximo. No usamos los datos personales de los usuarios para cualquier prop\u00f3sito que no est\u00e9 expresado en esta Pol\u00edtica de Privacidad.<\/p>\n<p>&nbsp;<\/p>\n<p><strong>4 - Periodo de retenci\u00f3n de datos personales<\/strong><\/p>\n<p>Los datos personales proporcionados ser\u00e1n retenidos por Ninpon mientras la relaci\u00f3n comercial exista o hasta el momento en el que el usuario desee cancelar su suscripci\u00f3n de los servicios Ninpon.<\/p>\n<p>&nbsp;<\/p>\n<p><strong>5 - Precisi\u00f3n y veracidad de los datos<\/strong><\/p>\n<p>El usuario es totalmente responsable por la precisi\u00f3n y veracidad de los datos que facilita a ninpon.com, y Ninpon est\u00e1 exenta de cualquier responsabilidad en este aspecto.<\/p>\n<p>El usuario asegura y es responsable, en cualquier caso, por la precisi\u00f3n, validez y autenticidad de los datos personales facilitados y se compromete en mantenerlos correctamente actualizados. El usuario est\u00e1 de acuerdo en proporcionar informaci\u00f3n completa y correcta en el formulario correspondiente.<\/p>\n<p>Ninpon reserva el derecho de excluir cualquier usuario de los servicios de registro que haya facilitado datos falsos, sin perjuicio con otras acciones que puedan ser tomadas legalmente.<\/p>\n<p>&nbsp;<\/p>\n<p><strong>6 - Derechos del usuario en cuanto a sus datos<\/strong><\/p>\n<p>El usuario tiene el derecho de:<\/p>\n<p>1 - Accesar a sus datos personales.<br \/>\n2 - Solicitar la rectificaci\u00f3n de sus datos personales.<br \/>\n3 - Solicitar la eliminaci\u00f3n de sus datos personales.<br \/>\n4 - Solicitar la restricci\u00f3n en el procesamiento de sus datos personales.<br \/>\n5 - Oponerse al procesamiento de sus datos personales.<br \/>\n6 - Solicitar la portabilidad de sus datos personales.<br \/>\n7 - Oponerse y tener una toma de decisiones individual y automatizada.<br \/>\n8 - Los usuarios tienen tembi\u00e9n el derecho a la tutela judicial efectiva y de poner una denuncia a la Agencia Espa\u00f1ola de Protecci\u00f3n de Datos, en el caso que consideren que el procesamiento de sus datos personales viola el RGPD.<\/p>\n<p>El usuario puede ejercer sus derechos a trav\u00e9s del correo siguiente: \ninfo@ninpon.com, presentando la raz\u00f3n del pedido y proporcionando una copia de su documento de identificaci\u00f3n.<\/p>\n<p>&nbsp;<\/p>\n<p><strong>7 - Seguridad de los datos y confidencialidad<\/strong><\/p>\n<p>Ninpon est\u00e1 a cargo del uso y procesamiento de los datos personales facilitados por los usuarios, respetando su confidencialidad y us\u00e1ndolos seg\u00fan el prop\u00f3sito estipulado, cumpliendo tambi\u00e9n su obligaci\u00f3n de mantenerlos seguros y adoptando todas las medidas a su disposici\u00f3n para prevenir la alteraci\u00f3n, p\u00e9rdida y procesamiento o acceso no autorizados, en conformidad con las normas de las actuales regulaciones de protecci\u00f3n de datos.<\/p>\n<p>Ninpon se compromete a cumplir con el deber de confidencialidad y secreto relativos a los datos personales de los usuarios seg\u00fan la ley aplicable, as\u00ed como a ofrecer un tratamiento seguro en transferencias internacionales y atribuciones basadas en datos que puedan ocurrir.<\/p>\n<p>Ninpon garantiza que cualquier trabajador autorizado al procesamiento de los datos de los clientes  (incluso el equipo, colaboradores y proveedores) estar\u00e1 sob la obligaci\u00f3n de confidencialidad apropiada.<\/p>\n<p>Para los servicios del sitio web que requieran la creaci\u00f3n de una cuenta, una contrase\u00f1a debe ser elegida. El usuario es responsable por mantener la confidencialidad de su contrase\u00f1a y por todas las actividades que pasen mientras la sesi\u00f3n est\u00e9 iniciada con su nombre de usuario y contrase\u00f1a.<\/p>\n<p>El usuario est\u00e1 de acuerdo en notificar Ninpon lo m\u00e1s r\u00e1pido posible sobre cualquier uso no autorizado de su cuenta, nombre de usuario, contrase\u00f1a o cualquier otra brecha de seguridad. Ninpon no se responsabiliza por cualquier da\u00f1o o p\u00e9rdida que resulte del incumplimiento de obligaci\u00f3n por parte del usuario.<\/p>\n<p>&nbsp;<\/p>\n<p><strong>8 \u2013 Changes to the Privacy Policy<\/strong><\/p>\n<p>Ninpon reserva el derecho de revisar su Pol\u00edtica de Privacidad en cualquier momento. En esos casos, los cambios en la Pol\u00edtica de Privacidad ser\u00e1n comunicados al usuario.<\/p>\n<p>&nbsp;<\/p>\n<p><strong>9 - Enlaces externos<\/strong><\/p>\n<p>El sitio web de Ninpon (ninpon.com) puede contener enlaces que lleven a p\u00e1ginas web y aplicaciones de otras empresas y entidades de terceros. Ninpon no se responsabiliza por la forma como estas empresas tratan su privacidad y la protecci\u00f3n de los datos personales.<\/p>\n<p>&nbsp;<\/p>\n<p><strong>10 - Dudas<\/strong><\/p>\n<p>Si tiene alguna duda sobre esta Pol\u00edtica de Privacidad o sobre el procesamiento de sus datos, por favor contacte Ninpon a trav\u00e9s del correo: info@ninpon.com<\/p>\n<p>&nbsp;<\/p>\n<p><strong>11 - Consentimiento<\/strong><\/p>\n<p>El usuario declada haber sido informado sobre las condiciones de protecci\u00f3n de datos personales, aceptando y consintiendo el procesamiento de tales datos por Ninpon, para los fines indicados en esta Pol\u00edtica de Privacidad.<\/p>","protected":false},"excerpt":{"rendered":"<p>This privacy statement explains what personal information we collect from our users and how it is used. For the processing of our user&#8217;s data, we have implemented all the technical and organizational security measures established in the current legislation. &nbsp; 1 &#8211; Who is responsible for your personal data? Ninpon is the name designated by [&hellip;]<\/p>","protected":false},"author":2,"featured_media":0,"parent":0,"menu_order":0,"comment_status":"closed","ping_status":"closed","template":"","meta":{"footnotes":""},"class_list":["post-149","page","type-page","status-publish","hentry"],"acf":[],"yoast_head":"<!-- This site is optimized with the Yoast SEO plugin v27.3 - https:\/\/yoast.com\/product\/yoast-seo-wordpress\/ -->\n<title>Privacy Policy | Ninpon<\/title>\n<meta name=\"description\" content=\"Discover how Ninpon protects your privacy and data when shopping for anime and gaming merchandise on our website.\" \/>\n<meta name=\"robots\" content=\"noindex, follow, max-snippet:-1, max-image-preview:large, max-video-preview:-1\" \/>\n<meta property=\"og:locale\" content=\"es_ES\" \/>\n<meta property=\"og:type\" content=\"article\" \/>\n<meta property=\"og:title\" content=\"Privacy Policy | Ninpon\" \/>\n<meta property=\"og:description\" content=\"Discover how Ninpon protects your privacy and data when shopping for anime and gaming merchandise on our website.\" \/>\n<meta property=\"og:url\" content=\"https:\/\/danielrobertomucheroni.siteup.dev\/es\/politica-de-privacidad\/\" \/>\n<meta property=\"og:site_name\" content=\"Ninpon\" \/>\n<meta property=\"article:modified_time\" content=\"2025-09-15T09:43:05+00:00\" \/>\n<meta property=\"og:image\" content=\"https:\/\/danielrobertomucheroni.siteup.dev\/wp-content\/uploads\/2025\/09\/seo.png\" \/>\n\t<meta property=\"og:image:width\" content=\"1200\" \/>\n\t<meta property=\"og:image:height\" content=\"675\" \/>\n\t<meta property=\"og:image:type\" content=\"image\/png\" \/>\n<meta name=\"twitter:card\" content=\"summary_large_image\" \/>\n<meta name=\"twitter:label1\" content=\"Tiempo de lectura\" \/>\n\t<meta name=\"twitter:data1\" content=\"5 minutos\" \/>\n<script type=\"application\/ld+json\" class=\"yoast-schema-graph\">{\"@context\":\"https:\\\/\\\/schema.org\",\"@graph\":[{\"@type\":\"WebPage\",\"@id\":\"https:\\\/\\\/danielrobertomucheroni.siteup.dev\\\/privacy-policy\\\/\",\"url\":\"https:\\\/\\\/danielrobertomucheroni.siteup.dev\\\/privacy-policy\\\/\",\"name\":\"Privacy Policy | Ninpon\",\"isPartOf\":{\"@id\":\"https:\\\/\\\/danielrobertomucheroni.siteup.dev\\\/#website\"},\"datePublished\":\"2023-07-12T16:23:36+00:00\",\"dateModified\":\"2025-09-15T09:43:05+00:00\",\"description\":\"Discover how Ninpon protects your privacy and data when shopping for anime and gaming merchandise on our website.\",\"inLanguage\":\"es\",\"potentialAction\":[{\"@type\":\"ReadAction\",\"target\":[\"https:\\\/\\\/danielrobertomucheroni.siteup.dev\\\/privacy-policy\\\/\"]}]},{\"@type\":\"WebSite\",\"@id\":\"https:\\\/\\\/danielrobertomucheroni.siteup.dev\\\/#website\",\"url\":\"https:\\\/\\\/danielrobertomucheroni.siteup.dev\\\/\",\"name\":\"Ninpon\",\"description\":\"\",\"publisher\":{\"@id\":\"https:\\\/\\\/danielrobertomucheroni.siteup.dev\\\/#organization\"},\"potentialAction\":[{\"@type\":\"SearchAction\",\"target\":{\"@type\":\"EntryPoint\",\"urlTemplate\":\"https:\\\/\\\/danielrobertomucheroni.siteup.dev\\\/?s={search_term_string}\"},\"query-input\":{\"@type\":\"PropertyValueSpecification\",\"valueRequired\":true,\"valueName\":\"search_term_string\"}}],\"inLanguage\":\"es\"},{\"@type\":\"Organization\",\"@id\":\"https:\\\/\\\/danielrobertomucheroni.siteup.dev\\\/#organization\",\"name\":\"Ninpon\",\"url\":\"https:\\\/\\\/danielrobertomucheroni.siteup.dev\\\/\",\"logo\":{\"@type\":\"ImageObject\",\"inLanguage\":\"es\",\"@id\":\"https:\\\/\\\/danielrobertomucheroni.siteup.dev\\\/#\\\/schema\\\/logo\\\/image\\\/\",\"url\":\"https:\\\/\\\/danielrobertomucheroni.siteup.dev\\\/wp-content\\\/uploads\\\/2023\\\/07\\\/logo.svg\",\"contentUrl\":\"https:\\\/\\\/danielrobertomucheroni.siteup.dev\\\/wp-content\\\/uploads\\\/2023\\\/07\\\/logo.svg\",\"width\":168,\"height\":50,\"caption\":\"Ninpon\"},\"image\":{\"@id\":\"https:\\\/\\\/danielrobertomucheroni.siteup.dev\\\/#\\\/schema\\\/logo\\\/image\\\/\"}}]}<\/script>\n<!-- \/ Yoast SEO plugin. -->","yoast_head_json":{"title":"Privacy Policy | Ninpon","description":"Discover how Ninpon protects your privacy and data when shopping for anime and gaming merchandise on our website.","robots":{"index":"noindex","follow":"follow","max-snippet":"max-snippet:-1","max-image-preview":"max-image-preview:large","max-video-preview":"max-video-preview:-1"},"og_locale":"es_ES","og_type":"article","og_title":"Privacy Policy | Ninpon","og_description":"Discover how Ninpon protects your privacy and data when shopping for anime and gaming merchandise on our website.","og_url":"https:\/\/danielrobertomucheroni.siteup.dev\/es\/politica-de-privacidad\/","og_site_name":"Ninpon","article_modified_time":"2025-09-15T09:43:05+00:00","og_image":[{"width":1200,"height":675,"url":"https:\/\/danielrobertomucheroni.siteup.dev\/wp-content\/uploads\/2025\/09\/seo.png","type":"image\/png"}],"twitter_card":"summary_large_image","twitter_misc":{"Tiempo de lectura":"5 minutos"},"schema":{"@context":"https:\/\/schema.org","@graph":[{"@type":"WebPage","@id":"https:\/\/danielrobertomucheroni.siteup.dev\/privacy-policy\/","url":"https:\/\/danielrobertomucheroni.siteup.dev\/privacy-policy\/","name":"Privacy Policy | Ninpon","isPartOf":{"@id":"https:\/\/danielrobertomucheroni.siteup.dev\/#website"},"datePublished":"2023-07-12T16:23:36+00:00","dateModified":"2025-09-15T09:43:05+00:00","description":"Discover how Ninpon protects your privacy and data when shopping for anime and gaming merchandise on our website.","inLanguage":"es","potentialAction":[{"@type":"ReadAction","target":["https:\/\/danielrobertomucheroni.siteup.dev\/privacy-policy\/"]}]},{"@type":"WebSite","@id":"https:\/\/danielrobertomucheroni.siteup.dev\/#website","url":"https:\/\/danielrobertomucheroni.siteup.dev\/","name":"Ninpon","description":"","publisher":{"@id":"https:\/\/danielrobertomucheroni.siteup.dev\/#organization"},"potentialAction":[{"@type":"SearchAction","target":{"@type":"EntryPoint","urlTemplate":"https:\/\/danielrobertomucheroni.siteup.dev\/?s={search_term_string}"},"query-input":{"@type":"PropertyValueSpecification","valueRequired":true,"valueName":"search_term_string"}}],"inLanguage":"es"},{"@type":"Organization","@id":"https:\/\/danielrobertomucheroni.siteup.dev\/#organization","name":"Ninpon","url":"https:\/\/danielrobertomucheroni.siteup.dev\/","logo":{"@type":"ImageObject","inLanguage":"es","@id":"https:\/\/danielrobertomucheroni.siteup.dev\/#\/schema\/logo\/image\/","url":"https:\/\/danielrobertomucheroni.siteup.dev\/wp-content\/uploads\/2023\/07\/logo.svg","contentUrl":"https:\/\/danielrobertomucheroni.siteup.dev\/wp-content\/uploads\/2023\/07\/logo.svg","width":168,"height":50,"caption":"Ninpon"},"image":{"@id":"https:\/\/danielrobertomucheroni.siteup.dev\/#\/schema\/logo\/image\/"}}]}},"_links":{"self":[{"href":"https:\/\/danielrobertomucheroni.siteup.dev\/es\/wp-json\/wp\/v2\/pages\/149","targetHints":{"allow":["GET"]}}],"collection":[{"href":"https:\/\/danielrobertomucheroni.siteup.dev\/es\/wp-json\/wp\/v2\/pages"}],"about":[{"href":"https:\/\/danielrobertomucheroni.siteup.dev\/es\/wp-json\/wp\/v2\/types\/page"}],"author":[{"embeddable":true,"href":"https:\/\/danielrobertomucheroni.siteup.dev\/es\/wp-json\/wp\/v2\/users\/2"}],"replies":[{"embeddable":true,"href":"https:\/\/danielrobertomucheroni.siteup.dev\/es\/wp-json\/wp\/v2\/comments?post=149"}],"version-history":[{"count":8,"href":"https:\/\/danielrobertomucheroni.siteup.dev\/es\/wp-json\/wp\/v2\/pages\/149\/revisions"}],"predecessor-version":[{"id":887,"href":"https:\/\/danielrobertomucheroni.siteup.dev\/es\/wp-json\/wp\/v2\/pages\/149\/revisions\/887"}],"wp:attachment":[{"href":"https:\/\/danielrobertomucheroni.siteup.dev\/es\/wp-json\/wp\/v2\/media?parent=149"}],"curies":[{"name":"wp","href":"https:\/\/api.w.org\/{rel}","templated":true}]}}