{"id":385,"date":"2023-07-12T13:30:35","date_gmt":"2023-07-12T16:30:35","guid":{"rendered":"https:\/\/danielrobertomucheroni.siteup.dev\/?page_id=385"},"modified":"2025-09-15T06:39:43","modified_gmt":"2025-09-15T09:39:43","slug":"return-policy","status":"publish","type":"page","link":"https:\/\/danielrobertomucheroni.siteup.dev\/es\/politica-de-devoluciones\/","title":{"rendered":"Pol\u00edtica de devoluciones"},"content":{"rendered":"<p><strong>DEVOLUCIONES<\/strong><\/p>\n<p>Tiene 14 d\u00edas consecutivos para hacer su devoluci\u00f3n, contando desde la fecha de recibimiento del pedido.<br \/>\n<span style=\"font-weight: 400;\">Solo productos en su embalaje original, sellados y en perfectas condiciones ser\u00e1n aceptados.<br \/>\n<\/span><\/p>\n<p>&nbsp;<\/p>\n<p><strong>PROCESO DE DEVOLUCI\u00d3N<\/strong><\/p>\n<p><span style=\"font-weight: 400;\">Antes de devolver un producto, por favor contacte nuestro servicio al cliente y le informaremos c\u00f3mo debe proceder.<br \/>\n<\/span><span style=\"font-weight: 400;\">En caso de devoluci\u00f3n por defecto, por favor contacte nuestro servicio al cliente en las 48 horas siguientes con las evidencias necesarias. Nuestro equipo ir\u00e1 avaliar la situaci\u00f3n e informarle como proceder.<\/span><\/p>\n<p><span style=\"font-weight: 400;\">Despu\u00e9s de recibir las instrucciones, el cliente ser\u00e1 responsable por el env\u00edo de la devoluci\u00f3n a la siguiente direcci\u00f3n:<br \/>\n<\/span><span style=\"font-weight: 400;\">Ninpon<br \/>\n<\/span><span style=\"font-weight: 400;\">Rua da Industria, 1 -1 dt<br \/>\n<\/span><span style=\"font-weight: 400;\">3810-011 Santa Joana &#8211; Aveiro<br \/>\n<\/span><span style=\"font-weight: 400;\">Portugal<\/span><\/p>\n<p><span style=\"font-weight: 400;\">Por favor, note, el cliente ser\u00e1 responsable por todos los costes de devoluci\u00f3n, excepto en productos con defecto. En ese caso, Ninpon soporta todos los costes de env\u00edo.<br \/>\n<\/span><span style=\"font-weight: 400;\">Aconsejamos el env\u00edo de los productos a trav\u00e9s de un servicio que permita el seguimiento del estado del env\u00edo. No podemos reembolsar productos que no recibamos.<\/span><\/p>\n<p>&nbsp;<\/p>\n<p><strong>REEMBOLSOS<\/strong><\/p>\n<p><span style=\"font-weight: 400;\">Despu\u00e9s de recibir su devoluci\u00f3n e inspeccionar las condiciones del producto, daremos inicio al proceso de reembolso. Por favor, aguarde al menos ocho (8) d\u00edas h\u00e1biles despu\u00e9s de la recepci\u00f3n del producto para el procesamiento de su devoluci\u00f3n.<br \/>\n<\/span>Refunds may take 1-2 billing cycles to appear on your credit card statement, depending on its\u00a0company. We will notify you by email when your return has been processed.<\/p>\n<p>&nbsp;<\/p>\n<p><strong>EXCEPCIONES<\/strong><\/p>\n<p><span style=\"font-weight: 400;\">Los siguientes productos no pueden ser devueltos:<br \/>\n<\/span><span style=\"font-weight: 400;\">Productos en preventa<br \/>\n<\/span><span style=\"font-weight: 400;\">Productos en stock de proveedores<\/span><\/p>\n<p><span style=\"font-weight: 400;\">No podemos ofrecer devoluciones de productos comprados en preventa o que est\u00e9n en el stock del proveedor, ya que cada compra es hecha \u00fanica y exclusivamente para cada cliente y no puede ser cancelada con el proveedor.<br \/>\n<\/span><span style=\"font-weight: 400;\">En caso productos con defecto, por favor contacte nuestro servicio al cliente en las 48h siguientes con las evidencias necesarias. Nuestro equipo ir\u00e1 avaliar la situaci\u00f3n e informarle como proceder.<\/span><\/p>\n<p>&nbsp;<\/p>\n<p><strong>PREGUNTAS<\/strong><\/p>\n<p><span style=\"font-weight: 400;\">Si tiene alguna duda sobre la pol\u00edtica de devoluciones, po rfavor cont\u00e1ctenos en:<br \/>\n<\/span><span style=\"font-weight: 400;\">+351 000 000 000 (Only WhatsApp)<br \/>\n<\/span><span style=\"font-weight: 400;\">info@ninpon.com<\/span><\/p>","protected":false},"excerpt":{"rendered":"<p>RETURN You have 14 consecutive days to make the return, counting from the date of receipt of the order. Only products that are in their original packaging, unopened and in perfect condition will be accepted. &nbsp; RETURN PROCESS Before returning an item, please contact our custom service and we will inform you how to proceed. [&hellip;]<\/p>","protected":false},"author":2,"featured_media":0,"parent":0,"menu_order":0,"comment_status":"closed","ping_status":"closed","template":"","meta":{"footnotes":""},"class_list":["post-385","page","type-page","status-publish","hentry"],"acf":[],"yoast_head":"<!-- This site is optimized with the Yoast SEO plugin v27.3 - https:\/\/yoast.com\/product\/yoast-seo-wordpress\/ -->\n<title>Refund Policy | Ninpon<\/title>\n<meta name=\"description\" content=\"Read Ninpon\u2019s refund policy for anime and gaming products. Your satisfaction is our top priority when shopping online.\" \/>\n<meta name=\"robots\" content=\"noindex, follow, max-snippet:-1, max-image-preview:large, max-video-preview:-1\" \/>\n<meta property=\"og:locale\" content=\"es_ES\" \/>\n<meta property=\"og:type\" content=\"article\" \/>\n<meta property=\"og:title\" content=\"Refund Policy | Ninpon\" \/>\n<meta property=\"og:description\" content=\"Read Ninpon\u2019s refund policy for anime and gaming products. Your satisfaction is our top priority when shopping online.\" \/>\n<meta property=\"og:url\" content=\"https:\/\/danielrobertomucheroni.siteup.dev\/es\/politica-de-devoluciones\/\" \/>\n<meta property=\"og:site_name\" content=\"Ninpon\" \/>\n<meta property=\"article:modified_time\" content=\"2025-09-15T09:39:43+00:00\" \/>\n<meta property=\"og:image\" content=\"https:\/\/danielrobertomucheroni.siteup.dev\/wp-content\/uploads\/2025\/09\/seo.png\" \/>\n\t<meta property=\"og:image:width\" content=\"1200\" \/>\n\t<meta property=\"og:image:height\" content=\"675\" \/>\n\t<meta property=\"og:image:type\" content=\"image\/png\" \/>\n<meta name=\"twitter:card\" content=\"summary_large_image\" \/>\n<meta name=\"twitter:label1\" content=\"Tiempo de lectura\" \/>\n\t<meta name=\"twitter:data1\" content=\"2 minutos\" \/>\n<script type=\"application\/ld+json\" class=\"yoast-schema-graph\">{\"@context\":\"https:\\\/\\\/schema.org\",\"@graph\":[{\"@type\":\"WebPage\",\"@id\":\"https:\\\/\\\/danielrobertomucheroni.siteup.dev\\\/return-policy\\\/\",\"url\":\"https:\\\/\\\/danielrobertomucheroni.siteup.dev\\\/return-policy\\\/\",\"name\":\"Refund Policy | Ninpon\",\"isPartOf\":{\"@id\":\"https:\\\/\\\/danielrobertomucheroni.siteup.dev\\\/#website\"},\"datePublished\":\"2023-07-12T16:30:35+00:00\",\"dateModified\":\"2025-09-15T09:39:43+00:00\",\"description\":\"Read Ninpon\u2019s refund policy for anime and gaming products. Your satisfaction is our top priority when shopping online.\",\"inLanguage\":\"es\",\"potentialAction\":[{\"@type\":\"ReadAction\",\"target\":[\"https:\\\/\\\/danielrobertomucheroni.siteup.dev\\\/return-policy\\\/\"]}]},{\"@type\":\"WebSite\",\"@id\":\"https:\\\/\\\/danielrobertomucheroni.siteup.dev\\\/#website\",\"url\":\"https:\\\/\\\/danielrobertomucheroni.siteup.dev\\\/\",\"name\":\"Ninpon\",\"description\":\"\",\"publisher\":{\"@id\":\"https:\\\/\\\/danielrobertomucheroni.siteup.dev\\\/#organization\"},\"potentialAction\":[{\"@type\":\"SearchAction\",\"target\":{\"@type\":\"EntryPoint\",\"urlTemplate\":\"https:\\\/\\\/danielrobertomucheroni.siteup.dev\\\/?s={search_term_string}\"},\"query-input\":{\"@type\":\"PropertyValueSpecification\",\"valueRequired\":true,\"valueName\":\"search_term_string\"}}],\"inLanguage\":\"es\"},{\"@type\":\"Organization\",\"@id\":\"https:\\\/\\\/danielrobertomucheroni.siteup.dev\\\/#organization\",\"name\":\"Ninpon\",\"url\":\"https:\\\/\\\/danielrobertomucheroni.siteup.dev\\\/\",\"logo\":{\"@type\":\"ImageObject\",\"inLanguage\":\"es\",\"@id\":\"https:\\\/\\\/danielrobertomucheroni.siteup.dev\\\/#\\\/schema\\\/logo\\\/image\\\/\",\"url\":\"https:\\\/\\\/danielrobertomucheroni.siteup.dev\\\/wp-content\\\/uploads\\\/2023\\\/07\\\/logo.svg\",\"contentUrl\":\"https:\\\/\\\/danielrobertomucheroni.siteup.dev\\\/wp-content\\\/uploads\\\/2023\\\/07\\\/logo.svg\",\"width\":168,\"height\":50,\"caption\":\"Ninpon\"},\"image\":{\"@id\":\"https:\\\/\\\/danielrobertomucheroni.siteup.dev\\\/#\\\/schema\\\/logo\\\/image\\\/\"}}]}<\/script>\n<!-- \/ Yoast SEO plugin. -->","yoast_head_json":{"title":"Refund Policy | Ninpon","description":"Read Ninpon\u2019s refund policy for anime and gaming products. Your satisfaction is our top priority when shopping online.","robots":{"index":"noindex","follow":"follow","max-snippet":"max-snippet:-1","max-image-preview":"max-image-preview:large","max-video-preview":"max-video-preview:-1"},"og_locale":"es_ES","og_type":"article","og_title":"Refund Policy | Ninpon","og_description":"Read Ninpon\u2019s refund policy for anime and gaming products. Your satisfaction is our top priority when shopping online.","og_url":"https:\/\/danielrobertomucheroni.siteup.dev\/es\/politica-de-devoluciones\/","og_site_name":"Ninpon","article_modified_time":"2025-09-15T09:39:43+00:00","og_image":[{"width":1200,"height":675,"url":"https:\/\/danielrobertomucheroni.siteup.dev\/wp-content\/uploads\/2025\/09\/seo.png","type":"image\/png"}],"twitter_card":"summary_large_image","twitter_misc":{"Tiempo de lectura":"2 minutos"},"schema":{"@context":"https:\/\/schema.org","@graph":[{"@type":"WebPage","@id":"https:\/\/danielrobertomucheroni.siteup.dev\/return-policy\/","url":"https:\/\/danielrobertomucheroni.siteup.dev\/return-policy\/","name":"Refund Policy | Ninpon","isPartOf":{"@id":"https:\/\/danielrobertomucheroni.siteup.dev\/#website"},"datePublished":"2023-07-12T16:30:35+00:00","dateModified":"2025-09-15T09:39:43+00:00","description":"Read Ninpon\u2019s refund policy for anime and gaming products. Your satisfaction is our top priority when shopping online.","inLanguage":"es","potentialAction":[{"@type":"ReadAction","target":["https:\/\/danielrobertomucheroni.siteup.dev\/return-policy\/"]}]},{"@type":"WebSite","@id":"https:\/\/danielrobertomucheroni.siteup.dev\/#website","url":"https:\/\/danielrobertomucheroni.siteup.dev\/","name":"Ninpon","description":"","publisher":{"@id":"https:\/\/danielrobertomucheroni.siteup.dev\/#organization"},"potentialAction":[{"@type":"SearchAction","target":{"@type":"EntryPoint","urlTemplate":"https:\/\/danielrobertomucheroni.siteup.dev\/?s={search_term_string}"},"query-input":{"@type":"PropertyValueSpecification","valueRequired":true,"valueName":"search_term_string"}}],"inLanguage":"es"},{"@type":"Organization","@id":"https:\/\/danielrobertomucheroni.siteup.dev\/#organization","name":"Ninpon","url":"https:\/\/danielrobertomucheroni.siteup.dev\/","logo":{"@type":"ImageObject","inLanguage":"es","@id":"https:\/\/danielrobertomucheroni.siteup.dev\/#\/schema\/logo\/image\/","url":"https:\/\/danielrobertomucheroni.siteup.dev\/wp-content\/uploads\/2023\/07\/logo.svg","contentUrl":"https:\/\/danielrobertomucheroni.siteup.dev\/wp-content\/uploads\/2023\/07\/logo.svg","width":168,"height":50,"caption":"Ninpon"},"image":{"@id":"https:\/\/danielrobertomucheroni.siteup.dev\/#\/schema\/logo\/image\/"}}]}},"_links":{"self":[{"href":"https:\/\/danielrobertomucheroni.siteup.dev\/es\/wp-json\/wp\/v2\/pages\/385","targetHints":{"allow":["GET"]}}],"collection":[{"href":"https:\/\/danielrobertomucheroni.siteup.dev\/es\/wp-json\/wp\/v2\/pages"}],"about":[{"href":"https:\/\/danielrobertomucheroni.siteup.dev\/es\/wp-json\/wp\/v2\/types\/page"}],"author":[{"embeddable":true,"href":"https:\/\/danielrobertomucheroni.siteup.dev\/es\/wp-json\/wp\/v2\/users\/2"}],"replies":[{"embeddable":true,"href":"https:\/\/danielrobertomucheroni.siteup.dev\/es\/wp-json\/wp\/v2\/comments?post=385"}],"version-history":[{"count":8,"href":"https:\/\/danielrobertomucheroni.siteup.dev\/es\/wp-json\/wp\/v2\/pages\/385\/revisions"}],"predecessor-version":[{"id":831,"href":"https:\/\/danielrobertomucheroni.siteup.dev\/es\/wp-json\/wp\/v2\/pages\/385\/revisions\/831"}],"wp:attachment":[{"href":"https:\/\/danielrobertomucheroni.siteup.dev\/es\/wp-json\/wp\/v2\/media?parent=385"}],"curies":[{"name":"wp","href":"https:\/\/api.w.org\/{rel}","templated":true}]}}