{"id":390,"date":"2023-07-12T13:36:01","date_gmt":"2023-07-12T16:36:01","guid":{"rendered":"https:\/\/danielrobertomucheroni.siteup.dev\/?page_id=390"},"modified":"2025-09-15T06:41:27","modified_gmt":"2025-09-15T09:41:27","slug":"whats-a-pre-order","status":"publish","type":"page","link":"https:\/\/danielrobertomucheroni.siteup.dev\/es\/que-es-un-pedido-anticipado\/","title":{"rendered":"\u00bfQu\u00e9 es una preventa?"},"content":{"rendered":"<p><strong>En Ninpon, ofrecemos a nuestros clientes la oportunidad de reservar algunas figuras antes de que est\u00e9n <\/strong><strong>f\u00edsicamente en nuestro almac\u00e9n. Esta opci\u00f3n es normalmente llamada de \"preventa\".<br \/>\n<\/strong><\/p>\n<p>&nbsp;<\/p>\n<p><strong>Beneficios de comprar en preventa<br \/>\n<\/strong><br \/>\n\"Cuando compra un producto en preventa, existen dos principales beneficios. \nEn primer lugar, le permite asegurar tanto la cantidad como el precio del producto. En la comunidad de coleccionables, algunas figuras tienen disponibilidad limitada y el n\u00famero de unidades puede ser insuficiente para la gran demanda. Ocasionalmente, algunas figuras se agotan en fase de preventa, incluso antes de estar disponibles en stock. \nEn segundo lugar, al comprar en preventa, puede evitar posibles aumentos de precio, que pueden pasar desde el anuncio de la preventa hasta la llegada del producto.\nPor ello, recomendamos que haga su reserva mientras los productos est\u00e1n en fase de preventa si quiere garantizar que no pierde la oportunidad de adquirir un producto en el que tiene mucho inter\u00e9s. \"<\/p>\n<p>&nbsp;<\/p>\n<p><strong>\u00bfCu\u00e1nto tengo que pagar en el momento de la reserva?<\/strong><\/p>\n<p>Reservamos el producto en preventa con nuestros proveedores individualmente para cada cliente en el momento de la compra. Por lo tanto, para que una reserva sea considerada completa, el precio completo del producto debe ser pagado en el momento de la compra.<\/p>\n<p>&nbsp;<\/p>\n<p><strong>When I will I receive my pre-ordered figure?<br \/>\n<\/strong><br \/>\n\"La fecha estimada de disponibilidad de la preventa est\u00e1 indicada en la descripci\u00f3n  del producto. Esa fecha es una aproximaci\u00f3n dada por los fabricantes o distribuidores y puede estar sujeta a alteraciones por su parte sin previo aviso. Por lo tanto, si decide comprar una figura en preventa, podr\u00e1 tener que ejercitar su paciencia en algunos casos. Si\u00e9ntase libre de contactarnos para m\u00e1s informaciones sobre el estado de llegada, en el caso de que estas nos hayan sido facilitadas. Si su pedido incluye varios productos, note que lo enviamos como un todo en el momento en el que todos los productos est\u00e9n disponibles en nuestro almac\u00e9n. As\u00ed, la figura con la fecha de llegada m\u00e1s distante, determina el momento en el que su pedido va a ser enviado. \nRecomendamos que no combine en el mismo pedido figuras con una diferencia significativa en las fechas de lanzamiento, para evitar que tenga que esperar mucho tiempo para que todas las figuras est\u00e9n disponibles.\"<\/p>\n<p>&nbsp;<\/p>\n<p><strong>Cancelaci\u00f3n\/modificaci\u00f3n de una compra en preventa<br \/>\n<\/strong><br \/>\nEs esencial entender que una compra en preventa es una compra firme. Para garantizar que recibe su producto, tratamos cada compra en preventa como \u00fanica para cada cliente y hacemos el pedido con nuestros proveedores en cuanto el pago es realizado. Como resultado, no podemos cancelar o modificar compras de productos en estado de preventa. Por lo tanto, recomendamos que haga su compra solamente cuando est\u00e9 seguro de su decisi\u00f3n.<\/p>\n<p>&nbsp;<\/p>\n<p><strong>Combinar productos en preventa con productos en stock<br \/>\n<\/strong><br \/>\nNo es posible incluir productos en stock y productos en preventa en el mismo pedido. Si desea comprar simult\u00e1neamente productos en preventa y productos en stock, tendr\u00e1 que hacer dos pedidos diferentes.<\/p>","protected":false},"excerpt":{"rendered":"<p>At Ninpon, we offer our clients the opportunity to reserve some figures before they are physically available in our warehouse. We refer to this option as &#8220;pre-order.&#8221; &nbsp; Benefits of pre-order When you purchase an item through pre-order, there are two main benefits. Firstly, it allows you to secure both the quantity and price of [&hellip;]<\/p>","protected":false},"author":2,"featured_media":0,"parent":0,"menu_order":0,"comment_status":"closed","ping_status":"closed","template":"","meta":{"footnotes":""},"class_list":["post-390","page","type-page","status-publish","hentry"],"acf":[],"yoast_head":"<!-- This site is optimized with the Yoast SEO plugin v27.3 - https:\/\/yoast.com\/product\/yoast-seo-wordpress\/ -->\n<title>What Is a Pre-Order? | Ninpon<\/title>\n<meta name=\"description\" content=\"Learn how pre-orders work at Ninpon and secure the most anticipated anime and gaming product releases before they sell out.\" \/>\n<meta name=\"robots\" content=\"noindex, follow, max-snippet:-1, max-image-preview:large, max-video-preview:-1\" \/>\n<meta property=\"og:locale\" content=\"es_ES\" \/>\n<meta property=\"og:type\" content=\"article\" \/>\n<meta property=\"og:title\" content=\"What Is a Pre-Order? | Ninpon\" \/>\n<meta property=\"og:description\" content=\"Learn how pre-orders work at Ninpon and secure the most anticipated anime and gaming product releases before they sell out.\" \/>\n<meta property=\"og:url\" content=\"https:\/\/danielrobertomucheroni.siteup.dev\/es\/que-es-un-pedido-anticipado\/\" \/>\n<meta property=\"og:site_name\" content=\"Ninpon\" \/>\n<meta property=\"article:modified_time\" content=\"2025-09-15T09:41:27+00:00\" \/>\n<meta property=\"og:image\" content=\"https:\/\/danielrobertomucheroni.siteup.dev\/wp-content\/uploads\/2025\/09\/seo.png\" \/>\n\t<meta property=\"og:image:width\" content=\"1200\" \/>\n\t<meta property=\"og:image:height\" content=\"675\" \/>\n\t<meta property=\"og:image:type\" content=\"image\/png\" \/>\n<meta name=\"twitter:card\" content=\"summary_large_image\" \/>\n<meta name=\"twitter:label1\" content=\"Tiempo de lectura\" \/>\n\t<meta name=\"twitter:data1\" content=\"3 minutos\" \/>\n<script type=\"application\/ld+json\" class=\"yoast-schema-graph\">{\"@context\":\"https:\\\/\\\/schema.org\",\"@graph\":[{\"@type\":\"WebPage\",\"@id\":\"https:\\\/\\\/danielrobertomucheroni.siteup.dev\\\/whats-a-pre-order\\\/\",\"url\":\"https:\\\/\\\/danielrobertomucheroni.siteup.dev\\\/whats-a-pre-order\\\/\",\"name\":\"What Is a Pre-Order? | Ninpon\",\"isPartOf\":{\"@id\":\"https:\\\/\\\/danielrobertomucheroni.siteup.dev\\\/#website\"},\"datePublished\":\"2023-07-12T16:36:01+00:00\",\"dateModified\":\"2025-09-15T09:41:27+00:00\",\"description\":\"Learn how pre-orders work at Ninpon and secure the most anticipated anime and gaming product releases before they sell out.\",\"inLanguage\":\"es\",\"potentialAction\":[{\"@type\":\"ReadAction\",\"target\":[\"https:\\\/\\\/danielrobertomucheroni.siteup.dev\\\/whats-a-pre-order\\\/\"]}]},{\"@type\":\"WebSite\",\"@id\":\"https:\\\/\\\/danielrobertomucheroni.siteup.dev\\\/#website\",\"url\":\"https:\\\/\\\/danielrobertomucheroni.siteup.dev\\\/\",\"name\":\"Ninpon\",\"description\":\"\",\"publisher\":{\"@id\":\"https:\\\/\\\/danielrobertomucheroni.siteup.dev\\\/#organization\"},\"potentialAction\":[{\"@type\":\"SearchAction\",\"target\":{\"@type\":\"EntryPoint\",\"urlTemplate\":\"https:\\\/\\\/danielrobertomucheroni.siteup.dev\\\/?s={search_term_string}\"},\"query-input\":{\"@type\":\"PropertyValueSpecification\",\"valueRequired\":true,\"valueName\":\"search_term_string\"}}],\"inLanguage\":\"es\"},{\"@type\":\"Organization\",\"@id\":\"https:\\\/\\\/danielrobertomucheroni.siteup.dev\\\/#organization\",\"name\":\"Ninpon\",\"url\":\"https:\\\/\\\/danielrobertomucheroni.siteup.dev\\\/\",\"logo\":{\"@type\":\"ImageObject\",\"inLanguage\":\"es\",\"@id\":\"https:\\\/\\\/danielrobertomucheroni.siteup.dev\\\/#\\\/schema\\\/logo\\\/image\\\/\",\"url\":\"https:\\\/\\\/danielrobertomucheroni.siteup.dev\\\/wp-content\\\/uploads\\\/2023\\\/07\\\/logo.svg\",\"contentUrl\":\"https:\\\/\\\/danielrobertomucheroni.siteup.dev\\\/wp-content\\\/uploads\\\/2023\\\/07\\\/logo.svg\",\"width\":168,\"height\":50,\"caption\":\"Ninpon\"},\"image\":{\"@id\":\"https:\\\/\\\/danielrobertomucheroni.siteup.dev\\\/#\\\/schema\\\/logo\\\/image\\\/\"}}]}<\/script>\n<!-- \/ Yoast SEO plugin. -->","yoast_head_json":{"title":"What Is a Pre-Order? | Ninpon","description":"Learn how pre-orders work at Ninpon and secure the most anticipated anime and gaming product releases before they sell out.","robots":{"index":"noindex","follow":"follow","max-snippet":"max-snippet:-1","max-image-preview":"max-image-preview:large","max-video-preview":"max-video-preview:-1"},"og_locale":"es_ES","og_type":"article","og_title":"What Is a Pre-Order? | Ninpon","og_description":"Learn how pre-orders work at Ninpon and secure the most anticipated anime and gaming product releases before they sell out.","og_url":"https:\/\/danielrobertomucheroni.siteup.dev\/es\/que-es-un-pedido-anticipado\/","og_site_name":"Ninpon","article_modified_time":"2025-09-15T09:41:27+00:00","og_image":[{"width":1200,"height":675,"url":"https:\/\/danielrobertomucheroni.siteup.dev\/wp-content\/uploads\/2025\/09\/seo.png","type":"image\/png"}],"twitter_card":"summary_large_image","twitter_misc":{"Tiempo de lectura":"3 minutos"},"schema":{"@context":"https:\/\/schema.org","@graph":[{"@type":"WebPage","@id":"https:\/\/danielrobertomucheroni.siteup.dev\/whats-a-pre-order\/","url":"https:\/\/danielrobertomucheroni.siteup.dev\/whats-a-pre-order\/","name":"What Is a Pre-Order? | Ninpon","isPartOf":{"@id":"https:\/\/danielrobertomucheroni.siteup.dev\/#website"},"datePublished":"2023-07-12T16:36:01+00:00","dateModified":"2025-09-15T09:41:27+00:00","description":"Learn how pre-orders work at Ninpon and secure the most anticipated anime and gaming product releases before they sell out.","inLanguage":"es","potentialAction":[{"@type":"ReadAction","target":["https:\/\/danielrobertomucheroni.siteup.dev\/whats-a-pre-order\/"]}]},{"@type":"WebSite","@id":"https:\/\/danielrobertomucheroni.siteup.dev\/#website","url":"https:\/\/danielrobertomucheroni.siteup.dev\/","name":"Ninpon","description":"","publisher":{"@id":"https:\/\/danielrobertomucheroni.siteup.dev\/#organization"},"potentialAction":[{"@type":"SearchAction","target":{"@type":"EntryPoint","urlTemplate":"https:\/\/danielrobertomucheroni.siteup.dev\/?s={search_term_string}"},"query-input":{"@type":"PropertyValueSpecification","valueRequired":true,"valueName":"search_term_string"}}],"inLanguage":"es"},{"@type":"Organization","@id":"https:\/\/danielrobertomucheroni.siteup.dev\/#organization","name":"Ninpon","url":"https:\/\/danielrobertomucheroni.siteup.dev\/","logo":{"@type":"ImageObject","inLanguage":"es","@id":"https:\/\/danielrobertomucheroni.siteup.dev\/#\/schema\/logo\/image\/","url":"https:\/\/danielrobertomucheroni.siteup.dev\/wp-content\/uploads\/2023\/07\/logo.svg","contentUrl":"https:\/\/danielrobertomucheroni.siteup.dev\/wp-content\/uploads\/2023\/07\/logo.svg","width":168,"height":50,"caption":"Ninpon"},"image":{"@id":"https:\/\/danielrobertomucheroni.siteup.dev\/#\/schema\/logo\/image\/"}}]}},"_links":{"self":[{"href":"https:\/\/danielrobertomucheroni.siteup.dev\/es\/wp-json\/wp\/v2\/pages\/390","targetHints":{"allow":["GET"]}}],"collection":[{"href":"https:\/\/danielrobertomucheroni.siteup.dev\/es\/wp-json\/wp\/v2\/pages"}],"about":[{"href":"https:\/\/danielrobertomucheroni.siteup.dev\/es\/wp-json\/wp\/v2\/types\/page"}],"author":[{"embeddable":true,"href":"https:\/\/danielrobertomucheroni.siteup.dev\/es\/wp-json\/wp\/v2\/users\/2"}],"replies":[{"embeddable":true,"href":"https:\/\/danielrobertomucheroni.siteup.dev\/es\/wp-json\/wp\/v2\/comments?post=390"}],"version-history":[{"count":5,"href":"https:\/\/danielrobertomucheroni.siteup.dev\/es\/wp-json\/wp\/v2\/pages\/390\/revisions"}],"predecessor-version":[{"id":828,"href":"https:\/\/danielrobertomucheroni.siteup.dev\/es\/wp-json\/wp\/v2\/pages\/390\/revisions\/828"}],"wp:attachment":[{"href":"https:\/\/danielrobertomucheroni.siteup.dev\/es\/wp-json\/wp\/v2\/media?parent=390"}],"curies":[{"name":"wp","href":"https:\/\/api.w.org\/{rel}","templated":true}]}}