{"id":394,"date":"2023-07-12T13:39:05","date_gmt":"2023-07-12T16:39:05","guid":{"rendered":"https:\/\/danielrobertomucheroni.siteup.dev\/?page_id=394"},"modified":"2025-09-15T06:39:01","modified_gmt":"2025-09-15T09:39:01","slug":"shipping","status":"publish","type":"page","link":"https:\/\/danielrobertomucheroni.siteup.dev\/es\/envio\/","title":{"rendered":"Env\u00edo"},"content":{"rendered":"<p><strong>Ninpon se asegura de que todos los pedidos se empaqueten y protejan de forma extremadamente segura. <\/strong><strong>Recibir\u00e1s tus productos en perfectas condiciones.<\/strong><\/p>\n<p>&nbsp;<\/p>\n<p><strong>Env\u00edo gratis<\/strong><\/p>\n<p>Los env\u00edos para Portugal Continental y Espa\u00f1a son gratis en pedidos de m\u00e1s de 60 euros y son hechos a trav\u00e9s del CTT Express en 48 horas<br \/>\n*No ofrecemos env\u00edo gratis para los Azores, Madeira, Islas Canarias, Ceuta y Melilla<br \/>\nFor other countries, we do not offer free shipping. We usually work with several companies and always try to find the best option for each country in terms of price and delivery time (Please note that currently, we only ship to European countries).<\/p>\n<p>&nbsp;<\/p>\n<p><strong>Tiempo de env\u00edo<br \/>\n<\/strong><\/p>\n<p>In general, items in stock are shipped within 48 hours after payment confirmation. For pre-order items, after they are released and arrive at our warehouse, they are shipped within 48 hours (pre-order items have their estimated release date on their product pages. Please note that these dates may change according to their\u00a0manufacturer\u2019s\u00a0needs). For stock-supplier items, it takes about 5 business days for the items to arrive at our warehouse and 48 hours to be shipped.<\/p>\n<p>Todos los tiempos de env\u00edo son una estimaci\u00f3n. En algunas \u00e9pocas del a\u00f1o (Black Friday, Navidad...), el tiempo de env\u00edo puede ser afectado por la gran demanda o la sobrecarga de la empresa transportista. Pero no se preocupe: en esas fechas, siempre damos el 110% de nosotros para garantizar que esos incidentes son minimizados.<\/p>\n<p>*Todos los env\u00edos vienen con un n\u00famero de referencia que permite el rastreo de su estado. Puede encontrar su numero de referencia en su perfil de usuario.<\/p>","protected":false},"excerpt":{"rendered":"<p>Ninpon ensures that all orders are packed and protected in an extremely secure manner. You will receive your products in perfect condition. &nbsp; Free Shipping Shipments to mainland Portugal and Spain is free for orders above 60 euros, and it is done through CTT Express within 48 hours *We do not have free shipping methods [&hellip;]<\/p>","protected":false},"author":2,"featured_media":0,"parent":0,"menu_order":0,"comment_status":"closed","ping_status":"closed","template":"","meta":{"footnotes":""},"class_list":["post-394","page","type-page","status-publish","hentry"],"acf":[],"yoast_head":"<!-- This site is optimized with the Yoast SEO plugin v27.3 - https:\/\/yoast.com\/product\/yoast-seo-wordpress\/ -->\n<title>Shipping &amp; Delivery | Ninpon<\/title>\n<meta name=\"description\" content=\"Learn about Ninpon\u2019s fast and reliable shipping for anime and gaming products. Get your order delivered quickly and safely in the US.\" \/>\n<meta name=\"robots\" content=\"noindex, follow, max-snippet:-1, max-image-preview:large, max-video-preview:-1\" \/>\n<meta property=\"og:locale\" content=\"es_ES\" \/>\n<meta property=\"og:type\" content=\"article\" \/>\n<meta property=\"og:title\" content=\"Shipping &amp; Delivery | Ninpon\" \/>\n<meta property=\"og:description\" content=\"Learn about Ninpon\u2019s fast and reliable shipping for anime and gaming products. Get your order delivered quickly and safely in the US.\" \/>\n<meta property=\"og:url\" content=\"https:\/\/danielrobertomucheroni.siteup.dev\/es\/envio\/\" \/>\n<meta property=\"og:site_name\" content=\"Ninpon\" \/>\n<meta property=\"article:modified_time\" content=\"2025-09-15T09:39:01+00:00\" \/>\n<meta property=\"og:image\" content=\"https:\/\/danielrobertomucheroni.siteup.dev\/wp-content\/uploads\/2025\/09\/seo.png\" \/>\n\t<meta property=\"og:image:width\" content=\"1200\" \/>\n\t<meta property=\"og:image:height\" content=\"675\" \/>\n\t<meta property=\"og:image:type\" content=\"image\/png\" \/>\n<meta name=\"twitter:card\" content=\"summary_large_image\" \/>\n<meta name=\"twitter:label1\" content=\"Tiempo de lectura\" \/>\n\t<meta name=\"twitter:data1\" content=\"2 minutos\" \/>\n<script type=\"application\/ld+json\" class=\"yoast-schema-graph\">{\"@context\":\"https:\\\/\\\/schema.org\",\"@graph\":[{\"@type\":\"WebPage\",\"@id\":\"https:\\\/\\\/danielrobertomucheroni.siteup.dev\\\/shipping\\\/\",\"url\":\"https:\\\/\\\/danielrobertomucheroni.siteup.dev\\\/shipping\\\/\",\"name\":\"Shipping & Delivery | Ninpon\",\"isPartOf\":{\"@id\":\"https:\\\/\\\/danielrobertomucheroni.siteup.dev\\\/#website\"},\"datePublished\":\"2023-07-12T16:39:05+00:00\",\"dateModified\":\"2025-09-15T09:39:01+00:00\",\"description\":\"Learn about Ninpon\u2019s fast and reliable shipping for anime and gaming products. Get your order delivered quickly and safely in the US.\",\"inLanguage\":\"es\",\"potentialAction\":[{\"@type\":\"ReadAction\",\"target\":[\"https:\\\/\\\/danielrobertomucheroni.siteup.dev\\\/shipping\\\/\"]}]},{\"@type\":\"WebSite\",\"@id\":\"https:\\\/\\\/danielrobertomucheroni.siteup.dev\\\/#website\",\"url\":\"https:\\\/\\\/danielrobertomucheroni.siteup.dev\\\/\",\"name\":\"Ninpon\",\"description\":\"\",\"publisher\":{\"@id\":\"https:\\\/\\\/danielrobertomucheroni.siteup.dev\\\/#organization\"},\"potentialAction\":[{\"@type\":\"SearchAction\",\"target\":{\"@type\":\"EntryPoint\",\"urlTemplate\":\"https:\\\/\\\/danielrobertomucheroni.siteup.dev\\\/?s={search_term_string}\"},\"query-input\":{\"@type\":\"PropertyValueSpecification\",\"valueRequired\":true,\"valueName\":\"search_term_string\"}}],\"inLanguage\":\"es\"},{\"@type\":\"Organization\",\"@id\":\"https:\\\/\\\/danielrobertomucheroni.siteup.dev\\\/#organization\",\"name\":\"Ninpon\",\"url\":\"https:\\\/\\\/danielrobertomucheroni.siteup.dev\\\/\",\"logo\":{\"@type\":\"ImageObject\",\"inLanguage\":\"es\",\"@id\":\"https:\\\/\\\/danielrobertomucheroni.siteup.dev\\\/#\\\/schema\\\/logo\\\/image\\\/\",\"url\":\"https:\\\/\\\/danielrobertomucheroni.siteup.dev\\\/wp-content\\\/uploads\\\/2023\\\/07\\\/logo.svg\",\"contentUrl\":\"https:\\\/\\\/danielrobertomucheroni.siteup.dev\\\/wp-content\\\/uploads\\\/2023\\\/07\\\/logo.svg\",\"width\":168,\"height\":50,\"caption\":\"Ninpon\"},\"image\":{\"@id\":\"https:\\\/\\\/danielrobertomucheroni.siteup.dev\\\/#\\\/schema\\\/logo\\\/image\\\/\"}}]}<\/script>\n<!-- \/ Yoast SEO plugin. -->","yoast_head_json":{"title":"Shipping & Delivery | Ninpon","description":"Learn about Ninpon\u2019s fast and reliable shipping for anime and gaming products. Get your order delivered quickly and safely in the US.","robots":{"index":"noindex","follow":"follow","max-snippet":"max-snippet:-1","max-image-preview":"max-image-preview:large","max-video-preview":"max-video-preview:-1"},"og_locale":"es_ES","og_type":"article","og_title":"Shipping & Delivery | Ninpon","og_description":"Learn about Ninpon\u2019s fast and reliable shipping for anime and gaming products. Get your order delivered quickly and safely in the US.","og_url":"https:\/\/danielrobertomucheroni.siteup.dev\/es\/envio\/","og_site_name":"Ninpon","article_modified_time":"2025-09-15T09:39:01+00:00","og_image":[{"width":1200,"height":675,"url":"https:\/\/danielrobertomucheroni.siteup.dev\/wp-content\/uploads\/2025\/09\/seo.png","type":"image\/png"}],"twitter_card":"summary_large_image","twitter_misc":{"Tiempo de lectura":"2 minutos"},"schema":{"@context":"https:\/\/schema.org","@graph":[{"@type":"WebPage","@id":"https:\/\/danielrobertomucheroni.siteup.dev\/shipping\/","url":"https:\/\/danielrobertomucheroni.siteup.dev\/shipping\/","name":"Shipping & Delivery | Ninpon","isPartOf":{"@id":"https:\/\/danielrobertomucheroni.siteup.dev\/#website"},"datePublished":"2023-07-12T16:39:05+00:00","dateModified":"2025-09-15T09:39:01+00:00","description":"Learn about Ninpon\u2019s fast and reliable shipping for anime and gaming products. Get your order delivered quickly and safely in the US.","inLanguage":"es","potentialAction":[{"@type":"ReadAction","target":["https:\/\/danielrobertomucheroni.siteup.dev\/shipping\/"]}]},{"@type":"WebSite","@id":"https:\/\/danielrobertomucheroni.siteup.dev\/#website","url":"https:\/\/danielrobertomucheroni.siteup.dev\/","name":"Ninpon","description":"","publisher":{"@id":"https:\/\/danielrobertomucheroni.siteup.dev\/#organization"},"potentialAction":[{"@type":"SearchAction","target":{"@type":"EntryPoint","urlTemplate":"https:\/\/danielrobertomucheroni.siteup.dev\/?s={search_term_string}"},"query-input":{"@type":"PropertyValueSpecification","valueRequired":true,"valueName":"search_term_string"}}],"inLanguage":"es"},{"@type":"Organization","@id":"https:\/\/danielrobertomucheroni.siteup.dev\/#organization","name":"Ninpon","url":"https:\/\/danielrobertomucheroni.siteup.dev\/","logo":{"@type":"ImageObject","inLanguage":"es","@id":"https:\/\/danielrobertomucheroni.siteup.dev\/#\/schema\/logo\/image\/","url":"https:\/\/danielrobertomucheroni.siteup.dev\/wp-content\/uploads\/2023\/07\/logo.svg","contentUrl":"https:\/\/danielrobertomucheroni.siteup.dev\/wp-content\/uploads\/2023\/07\/logo.svg","width":168,"height":50,"caption":"Ninpon"},"image":{"@id":"https:\/\/danielrobertomucheroni.siteup.dev\/#\/schema\/logo\/image\/"}}]}},"_links":{"self":[{"href":"https:\/\/danielrobertomucheroni.siteup.dev\/es\/wp-json\/wp\/v2\/pages\/394","targetHints":{"allow":["GET"]}}],"collection":[{"href":"https:\/\/danielrobertomucheroni.siteup.dev\/es\/wp-json\/wp\/v2\/pages"}],"about":[{"href":"https:\/\/danielrobertomucheroni.siteup.dev\/es\/wp-json\/wp\/v2\/types\/page"}],"author":[{"embeddable":true,"href":"https:\/\/danielrobertomucheroni.siteup.dev\/es\/wp-json\/wp\/v2\/users\/2"}],"replies":[{"embeddable":true,"href":"https:\/\/danielrobertomucheroni.siteup.dev\/es\/wp-json\/wp\/v2\/comments?post=394"}],"version-history":[{"count":4,"href":"https:\/\/danielrobertomucheroni.siteup.dev\/es\/wp-json\/wp\/v2\/pages\/394\/revisions"}],"predecessor-version":[{"id":826,"href":"https:\/\/danielrobertomucheroni.siteup.dev\/es\/wp-json\/wp\/v2\/pages\/394\/revisions\/826"}],"wp:attachment":[{"href":"https:\/\/danielrobertomucheroni.siteup.dev\/es\/wp-json\/wp\/v2\/media?parent=394"}],"curies":[{"name":"wp","href":"https:\/\/api.w.org\/{rel}","templated":true}]}}