{"id":876,"date":"2025-04-04T16:46:59","date_gmt":"2025-04-04T19:46:59","guid":{"rendered":"https:\/\/danielrobertomucheroni.siteup.dev\/?page_id=876"},"modified":"2025-09-15T06:42:08","modified_gmt":"2025-09-15T09:42:08","slug":"terms-of-use","status":"publish","type":"page","link":"https:\/\/danielrobertomucheroni.siteup.dev\/es\/terms-of-use\/","title":{"rendered":"T\u00e9rminos de Uso"},"content":{"rendered":"<p>La tienda online Ninpon opera seg\u00fan los t\u00e9rminos y condiciones presentados a continuaci\u00f3n. Al acceder al sitio web www.ninpon.com, el usuario acepta expresamente los siguientes t\u00e9rminos y condiciones de uso, as\u00ed como la pol\u00edtica de privacidad, que puede consultarse aqu\u00ed.<\/p>\n<p>Ninpon se reserva el derecho de modificar, total o parcialmente, los t\u00e9rminos y condiciones aqu\u00ed presentados en cualquier momento. Dichas modificaciones ser\u00e1n v\u00e1lidas a partir de la fecha de su publicaci\u00f3n en el sitio web.<\/p>\n<p>&nbsp;<\/p>\n<p><strong>1 - Propiedad del Sitio Web<\/strong><\/p>\n<p>Titular: Ninpon Collectibles, Unipessoal LDA.<\/p>\n<p>NIF: 000000000<\/p>\n<p>Domicilio social: Rua da Industria 1 - 1 Direito, 3810-011 Aveiro, Portugal<\/p>\n<p>Tel\u00e9fono: +351 000 000 000<\/p>\n<p>Email: info@ninpon.com<br \/>\nLos usuarios pueden enviar cualquier reclamaci\u00f3n al correo electr\u00f3nico o a la direcci\u00f3n postal indicada anteriormente.<\/p>\n<p>&nbsp;<\/p>\n<p><strong>2 - Operaci\u00f3n y Productos<\/strong><\/p>\n<p>El sitio web ofrece las siguientes opciones a los Usuarios para la adquisici\u00f3n de los Productos ofrecidos:<\/p>\n<p>(i) En Stock: Estos productos est\u00e1n disponibles en nuestro almac\u00e9n y ser\u00e1n enviados inmediatamente despu\u00e9s de la confirmaci\u00f3n del pago.<\/p>\n<p>(ii) Stock del Proveedor: Estos productos est\u00e1n disponibles a trav\u00e9s del proveedor y no se encuentran f\u00edsicamente en stock en el almac\u00e9n de Ninpon. Una vez realizado el pedido, el producto ser\u00e1 encargado al proveedor. El env\u00edo se procesar\u00e1 tan pronto como el producto sea recibido en nuestro almac\u00e9n. Los tiempos de entrega pueden variar seg\u00fan la disponibilidad y el tiempo de procesamiento del proveedor.<\/p>\n<p>(iii) Pre-Venta: Ninpon ofrece a los Usuarios la posibilidad de reservar Productos antes de que est\u00e9n disponibles en el mercado. Cuando el Usuario adquiere una figura en modalidad de Pre-Venta, est\u00e1 reservando una unidad de ese art\u00edculo al precio marcado en el momento de la compra.<br \/>\nComo regla general, los precios tienden a aumentar a medida que se acerca la fecha de lanzamiento. Con el modelo de Pre-Venta, est\u00e1 reservando esa figura al precio actual, que podr\u00eda incrementarse posteriormente.<br \/>\nUna vez que el producto sea lanzado y recibido en nuestro almac\u00e9n, se proceder\u00e1 a realizar los env\u00edos a los clientes.<\/p>\n<p>Ninpon indicar\u00e1 en el sitio web aquellos Productos que est\u00e9n disponibles en Pre-Venta o Stock del Proveedor.<\/p>\n<p>En el caso de que el Producto no se encuentre disponible en ninguna de las modalidades mencionadas, el cliente ser\u00e1 contactado de inmediato y Ninpon proceder\u00e1 al reembolso del importe pagado por el(los) producto(s) que falten.<\/p>\n<p>&nbsp;<\/p>\n<p><strong>3 - Cuenta de Usuario<\/strong><\/p>\n<p>El sitio web ofrece a los Usuarios la opci\u00f3n de crear una cuenta completando un formulario en l\u00ednea con la informaci\u00f3n requerida.<br \/>\nLos Usuarios son totalmente responsables del uso de sus cuentas. En consecuencia, deben salvaguardar adecuadamente su nombre de usuario y contrase\u00f1a, asegurando su confidencialidad. Los Usuarios tambi\u00e9n se comprometen a no compartir sus credenciales con terceros, ya sea de forma temporal o permanente, ni a conceder acceso no autorizado.<\/p>\n<p>Ninpon queda exenta de cualquier responsabilidad derivada del uso indebido de los nombres de usuario o contrase\u00f1as por parte de terceros no autorizados.<\/p>\n<p>&nbsp;<\/p>\n<p><strong>4 - Conducta del Usuario en el Sitio Web<\/strong><\/p>\n<p>Los Usuarios se comprometen a utilizar cualquier informaci\u00f3n o contenido al que accedan a trav\u00e9s del Sitio Web de manera honesta y l\u00edcita, de conformidad con la legislaci\u00f3n vigente y estos T\u00e9rminos y Condiciones de Uso.<br \/>\nLos Usuarios no deben registrarse ni proporcionar informaci\u00f3n falsa, inexacta, incompleta o desactualizada. Adem\u00e1s, no deben acceder al Sitio Web utilizando el nombre, datos de identificaci\u00f3n o contrase\u00f1a de otro Usuario, ni hacerse pasar por ninguna persona o entidad.<\/p>\n<p>Los Usuarios asumen plena responsabilidad por su uso del Sitio Web, incluido cualquier registro requerido para acceder a contenidos o servicios espec\u00edficos proporcionados por Ninpon.<\/p>\n<p>Al acceder al Sitio Web, acepta utilizar de manera adecuada los Contenidos y servicios ofrecidos por Ninpon.<\/p>\n<p>En cualquier caso, Ninpon se reserva el derecho a denegar el acceso al Sitio Web, cancelar cuentas, eliminar o modificar contenido, o interrumpir servicios si el Sitio Web se utiliza de manera indebida.<\/p>\n<p>&nbsp;<\/p>\n<p><strong>5 - Precios<\/strong><\/p>\n<p>Los precios que se muestran en el sitio web www.ninpon.com est\u00e1n expresados en euros (EUR) e incluyen el IVA a la tasa legal vigente, de acuerdo con el pa\u00eds en el que se realice la compra. Los costes de env\u00edo, si los hubiera, se a\u00f1adir\u00e1n al precio total.<br \/>\nNinpon podr\u00e1, en cualquier momento y sin previo aviso, modificar los precios, as\u00ed como la informaci\u00f3n y las ofertas comerciales relacionadas con productos, promociones, condiciones comerciales y servicios.<\/p>\n<p>&nbsp;<\/p>\n<p><strong>6 - M\u00e9todos de Pago<\/strong><\/p>\n<p>Ninpon ofrece los siguientes m\u00e9todos de pago:<\/p>\n<ul>\n<li>Pagos con tarjeta de cr\u00e9dito y d\u00e9bito.<\/li>\n<li>Transferencia bancaria: Una vez recibido el dep\u00f3sito en nuestra cuenta, comenzaremos a procesar el pedido.<\/li>\n<li>PayPal: PayPal permite a los consumidores con una cuenta de correo electr\u00f3nico enviar pagos por Internet de forma segura y c\u00f3moda. Nuestra cuenta de PayPal es aaaaa@ninpon.com.<\/li>\n<li>Klarna: Pague en 3 cuotas sin intereses.<\/li>\n<\/ul>\n<p>Todos los m\u00e9todos de pago ofrecidos por Ninpon son seguros y est\u00e1n encriptados para garantizar la protecci\u00f3n de los datos financieros de nuestros clientes. Ninpon no almacena ni tiene acceso a los detalles de las tarjetas de cr\u00e9dito o d\u00e9bito, asegurando la m\u00e1xima privacidad y seguridad en todas las transacciones.<\/p>\n<p>Una vez confirmado el pago, independientemente del m\u00e9todo elegido, Ninpon enviar\u00e1 un correo electr\u00f3nico al Usuario confirmando los detalles del pedido y adjuntando la factura correspondiente.<\/p>\n<p>&nbsp;<\/p>\n<p><strong>7 - Entrega<\/strong><\/p>\n<p>Ninpon se compromete a entregar el producto en perfectas condiciones a la direcci\u00f3n facilitada por el Usuario.<br \/>\nLos pedidos confirmados por Ninpon se enviar\u00e1n directamente a la direcci\u00f3n especificada por el Usuario en el momento de la compra. Ninpon no se responsabiliza de errores en la entrega si la direcci\u00f3n introducida por el Usuario en el formulario de pedido es inexacta, falsa o ha sido omitida.<\/p>\n<p>Como regla general, los art\u00edculos se env\u00edan en un plazo de 48 horas tras recibir el pago, utilizando los servicios de las empresas de transporte disponibles a trav\u00e9s de nuestra plataforma de comercio electr\u00f3nico. Para los art\u00edculos en Stock del Proveedor y de Pre-Pedido, el env\u00edo se realiza en un plazo de 48 horas despu\u00e9s de que los productos lleguen a nuestro almac\u00e9n.<br \/>\nTodos los env\u00edos se realizan mediante transportistas que proporcionan un n\u00famero de seguimiento, lo que permite al Usuario monitorizar el estado de su pedido en todo momento.<\/p>\n<p>En el momento de la entrega, el cliente debe comprobar que el paquete se encuentre en perfectas condiciones. Si existe alguna no conformidad, como un paquete da\u00f1ado o signos de manipulaci\u00f3n, el cliente deber\u00e1 rechazar la entrega e informar a Ninpon mediante correo electr\u00f3nico a info@ninpon.com, incluyendo el n\u00famero de pedido y una(s) fotograf\u00eda(s) que evidencien el motivo del rechazo.<br \/>\nUna vez entregado el pedido, Ninpon no se responsabiliza de ning\u00fan problema derivado del transporte y estar\u00e1 obligada a rechazar cualquier solicitud de reembolso o cambio de productos con defectos externos que hayan sido aceptados por el cliente en el momento de la entrega.<\/p>\n<p>Ninpon ofrece env\u00edo gratuito a los clientes ubicados en Portugal y Espa\u00f1a, independientemente del valor del pedido. Para otras ubicaciones, podr\u00e1n aplicarse costes adicionales de env\u00edo.<br \/>\nLos pedidos se enviar\u00e1n \u00fanicamente tras la confirmaci\u00f3n del pago.<\/p>\n<p>&nbsp;<\/p>\n<p><strong>8 - Plazo de Entrega<\/strong><\/p>\n<p>Los plazos de entrega indicados anteriormente reflejan los procedimientos est\u00e1ndar de Ninpon y de las empresas de transporte responsables del env\u00edo. Esto significa que se consideran v\u00e1lidos \u00fanicamente en ausencia de circunstancias imprevistas o eventos de fuerza mayor, ya sea por parte de Ninpon o de los transportistas.<br \/>\nLos env\u00edos y entregas se realizan \u00fanicamente en d\u00edas laborables.<\/p>\n<p>&nbsp;<\/p>\n<p><strong>9 - Devoluciones y Cambios<\/strong><\/p>\n<p>El Usuario dispone de catorce (14) d\u00edas consecutivos para solicitar una devoluci\u00f3n, contados a partir de la fecha de recepci\u00f3n del pedido.<\/p>\n<p>Cualquier coste adicional de transporte derivado del derecho de desistimiento ser\u00e1 responsabilidad del Usuario.<br \/>\nRecomendamos devolver sus mercanc\u00edas a trav\u00e9s de un servicio que proporcione seguimiento, ya que no podemos realizar reembolsos por productos que no hayamos recibido.<\/p>\n<p>La solicitud de devoluci\u00f3n debe enviarse por correo electr\u00f3nico a encomendas@ninpon.com, incluyendo siempre el n\u00famero de pedido. Ninpon informar\u00e1 al cliente del proceso de devoluci\u00f3n. Ninpon se reserva el derecho a rechazar devoluciones o cambios sin previo aviso, como se indica anteriormente.<\/p>\n<p>Una vez recibidos los productos devueltos y confirmado que se encuentran en buen estado, se proceder\u00e1 al reembolso mediante transferencia bancaria o cr\u00e9dito en tienda, seg\u00fan la preferencia del Usuario, en un plazo m\u00e1ximo de catorce (14) d\u00edas.<br \/>\nSolo se aceptar\u00e1n devoluciones si los productos se encuentran en las mismas condiciones en que fueron enviados, es decir, en perfecto estado, en su embalaje original, sellados y sin ning\u00fan da\u00f1o en el embalaje o en el propio producto.<\/p>\n<p><strong>Devoluciones por Defectos del Producto<\/strong><\/p>\n<p>Si necesita devolver un producto defectuoso, p\u00f3ngase en contacto con nuestro servicio de atenci\u00f3n al cliente lo antes posible, proporcionando las pruebas necesarias (fotos o v\u00eddeos). Nuestro equipo revisar\u00e1 el caso y le informar\u00e1 de los siguientes pasos.<br \/>\nSolo se aceptar\u00e1n devoluciones para productos que no presenten se\u00f1ales de uso, que se encuentren en su embalaje original, sellados y sin ning\u00fan da\u00f1o en el embalaje.<\/p>\n<p><strong>Excepciones<\/strong><\/p>\n<p>Los siguientes productos no pueden ser devueltos:<br \/>\nProductos en preventa<br \/>\nProductos en stock de proveedores<\/p>\n<p>\"No podemos aceptar devoluciones de art\u00edculos en pre-venta y de stock del proveedor, ya que cada compra se realiza de forma exclusiva para cada cliente y no puede ser cancelada en el proveedor.\nLas devoluciones de productos en pre-venta y de stock del proveedor solo se aceptar\u00e1n si presentan defectos, siguiendo las mismas condiciones descritas anteriormente.\"<\/p>\n<p>&nbsp;<\/p>\n<p><strong>10 - Propiedad Intelectual<\/strong><\/p>\n<p>Todos los derechos sobre el contenido, textos, im\u00e1genes, dise\u00f1o y c\u00f3digo fuente de este Sitio Web, as\u00ed como cualquier otro derecho de propiedad intelectual e industrial, pertenecen a Ninpon.<br \/>\nEl resto del contenido, incluidos ciertos textos e im\u00e1genes, es en gran parte propiedad de las marcas, fabricantes o proveedores de los productos. En consecuencia, est\u00e1 estrictamente reservado para cada marca, fabricante y proveedor, y est\u00e1 protegido por la ley de derechos de autor, as\u00ed como por los derechos de propiedad intelectual en relaci\u00f3n con terceros.<br \/>\nQueda estrictamente prohibida cualquier reproducci\u00f3n o representaci\u00f3n, total o parcial, de este Sitio Web (www.ninpon.com), o de cualquiera de los elementos que contiene.<\/p>\n<p>&nbsp;<\/p>\n<p><strong>11 - Exclusi\u00f3n de Responsabilidad<\/strong><\/p>\n<p>Ninpon no ofrece ninguna garant\u00eda y, bajo ninguna circunstancia, ser\u00e1 responsable de los da\u00f1os que puedan surgir del acceso o uso del contenido del Sitio Web. Esto incluye, pero no se limita a, las siguientes situaciones:<\/p>\n<ol>\n<li>Disponibilidad y Mantenimiento del Sitio Web \u2013 Ninpon no se hace responsable de la falta de disponibilidad, mantenimiento o funcionamiento adecuado del Sitio Web y\/o de sus servicios o contenido. En la m\u00e1xima medida permitida por la ley, Ninpon rechaza cualquier responsabilidad por los da\u00f1os derivados de interrupciones, periodos de inactividad o fallos operativos del Sitio Web.<\/li>\n<li>Utilidad del Sitio Web \u2013 Ninpon no garantiza la idoneidad o utilidad del Sitio Web o de su contenido para ning\u00fan prop\u00f3sito espec\u00edfico.<\/li>\n<li>Enlaces Externos \u2013 Ninpon no se responsabiliza del contenido de los sitios web de terceros a los que se acceda a trav\u00e9s de enlaces presentes en este Sitio Web.<\/li>\n<li>Seguridad e Integridad del Sitio Web \u2013 Ninpon no asume responsabilidad por programas maliciosos, amenazas de seguridad o c\u00f3digos no autorizados que pudieran estar presentes en el Sitio Web.<\/li>\n<li>Uso Indebido por parte del Usuario y Violaciones de Propiedad Intelectual \u2013 Ninpon no es responsable por el uso il\u00edcito, negligente o fraudulento del Sitio Web o de su contenido por parte de los Usuarios, incluyendo las violaciones de los derechos de propiedad intelectual y\/o industrial pertenecientes a Ninpon o a terceros. En caso de que un Usuario infrinja los derechos de propiedad intelectual de Ninpon, Ninpon se reserva el derecho a tomar las medidas legales oportunas.<\/li>\n<li>Negligencia del Usuario \u2013 Ninpon no se hace responsable de los incidentes causados por la falta de diligencia o el uso inadecuado del Sitio Web por parte del Usuario.<\/li>\n<li>Contenido Generado por el Usuario \u2013 Ninpon rechaza cualquier responsabilidad por los comentarios u opiniones publicados en el Sitio Web que infrinjan estos T\u00e9rminos y Condiciones, la legislaci\u00f3n aplicable o los derechos de terceros.<\/li>\n<li>Fuerza Mayor \u2013 Ninpon no se responsabiliza por fallos, suspensiones o interrupciones del servicio causadas por eventos de fuerza mayor, incluyendo, pero no limit\u00e1ndose a, cortes de energ\u00eda, interrupciones en los servicios de telecomunicaciones o internet, acciones u omisiones de terceros, o cualquier circunstancia externa que est\u00e9 fuera del control de Ninpon y que impida el funcionamiento normal del Sitio Web.<\/li>\n<\/ol>\n<p>&nbsp;<\/p>\n<p><strong>12 - Ley Aplicable y Jurisdicci\u00f3n<\/strong><\/p>\n<p>Estos t\u00e9rminos y condiciones de uso del sitio web www.ninpon.com se rigen por la legislaci\u00f3n portuguesa aplicable.<br \/>\nEn caso de disputa con nuestra empresa, el cliente podr\u00e1 recurrir a una entidad de Resoluci\u00f3n Alternativa de Conflictos (ADR) para cuestiones de consumo. Para m\u00e1s informaci\u00f3n, consulte el Portal del Consumidor en www.consumidor.pt.<br \/>\nAl utilizar la tienda online de Ninpon, el usuario acepta y se compromete a cumplir estos t\u00e9rminos y condiciones de uso, as\u00ed como la pol\u00edtica de privacidad y la pol\u00edtica de protecci\u00f3n de datos personales.<\/p>","protected":false},"excerpt":{"rendered":"<p>The online store Ninpon operates according to the terms and conditions presented here. By accessing the website www.ninpon.com, the user expressly agrees to the following terms and conditions of use, as well as the privacy policy, which can be accessed here. Ninpon reserves the right to modify, in whole or in part, the terms and [&hellip;]<\/p>","protected":false},"author":2,"featured_media":0,"parent":0,"menu_order":0,"comment_status":"closed","ping_status":"closed","template":"","meta":{"footnotes":""},"class_list":["post-876","page","type-page","status-publish","hentry"],"acf":[],"yoast_head":"<!-- This site is optimized with the Yoast SEO plugin v27.3 - https:\/\/yoast.com\/product\/yoast-seo-wordpress\/ -->\n<title>Terms of Use | Ninpon<\/title>\n<meta name=\"description\" content=\"Read Ninpon\u2019s terms of use and understand our guidelines for purchasing anime and gaming merchandise online.\" \/>\n<meta name=\"robots\" content=\"noindex, follow, max-snippet:-1, max-image-preview:large, max-video-preview:-1\" \/>\n<meta property=\"og:locale\" content=\"es_ES\" \/>\n<meta property=\"og:type\" content=\"article\" \/>\n<meta property=\"og:title\" content=\"Terms of Use | Ninpon\" \/>\n<meta property=\"og:description\" content=\"Read Ninpon\u2019s terms of use and understand our guidelines for purchasing anime and gaming merchandise online.\" \/>\n<meta property=\"og:url\" content=\"https:\/\/danielrobertomucheroni.siteup.dev\/es\/terms-of-use\/\" \/>\n<meta property=\"og:site_name\" content=\"Ninpon\" \/>\n<meta property=\"article:modified_time\" content=\"2025-09-15T09:42:08+00:00\" \/>\n<meta property=\"og:image\" content=\"https:\/\/danielrobertomucheroni.siteup.dev\/wp-content\/uploads\/2025\/09\/seo.png\" \/>\n\t<meta property=\"og:image:width\" content=\"1200\" \/>\n\t<meta property=\"og:image:height\" content=\"675\" \/>\n\t<meta property=\"og:image:type\" content=\"image\/png\" \/>\n<meta name=\"twitter:card\" content=\"summary_large_image\" \/>\n<meta name=\"twitter:label1\" content=\"Tiempo de lectura\" \/>\n\t<meta name=\"twitter:data1\" content=\"9 minutos\" \/>\n<script type=\"application\/ld+json\" class=\"yoast-schema-graph\">{\"@context\":\"https:\\\/\\\/schema.org\",\"@graph\":[{\"@type\":\"WebPage\",\"@id\":\"https:\\\/\\\/danielrobertomucheroni.siteup.dev\\\/terms-of-use\\\/\",\"url\":\"https:\\\/\\\/danielrobertomucheroni.siteup.dev\\\/terms-of-use\\\/\",\"name\":\"Terms of Use | Ninpon\",\"isPartOf\":{\"@id\":\"https:\\\/\\\/danielrobertomucheroni.siteup.dev\\\/#website\"},\"datePublished\":\"2025-04-04T19:46:59+00:00\",\"dateModified\":\"2025-09-15T09:42:08+00:00\",\"description\":\"Read Ninpon\u2019s terms of use and understand our guidelines for purchasing anime and gaming merchandise online.\",\"inLanguage\":\"es\",\"potentialAction\":[{\"@type\":\"ReadAction\",\"target\":[\"https:\\\/\\\/danielrobertomucheroni.siteup.dev\\\/terms-of-use\\\/\"]}]},{\"@type\":\"WebSite\",\"@id\":\"https:\\\/\\\/danielrobertomucheroni.siteup.dev\\\/#website\",\"url\":\"https:\\\/\\\/danielrobertomucheroni.siteup.dev\\\/\",\"name\":\"Ninpon\",\"description\":\"\",\"publisher\":{\"@id\":\"https:\\\/\\\/danielrobertomucheroni.siteup.dev\\\/#organization\"},\"potentialAction\":[{\"@type\":\"SearchAction\",\"target\":{\"@type\":\"EntryPoint\",\"urlTemplate\":\"https:\\\/\\\/danielrobertomucheroni.siteup.dev\\\/?s={search_term_string}\"},\"query-input\":{\"@type\":\"PropertyValueSpecification\",\"valueRequired\":true,\"valueName\":\"search_term_string\"}}],\"inLanguage\":\"es\"},{\"@type\":\"Organization\",\"@id\":\"https:\\\/\\\/danielrobertomucheroni.siteup.dev\\\/#organization\",\"name\":\"Ninpon\",\"url\":\"https:\\\/\\\/danielrobertomucheroni.siteup.dev\\\/\",\"logo\":{\"@type\":\"ImageObject\",\"inLanguage\":\"es\",\"@id\":\"https:\\\/\\\/danielrobertomucheroni.siteup.dev\\\/#\\\/schema\\\/logo\\\/image\\\/\",\"url\":\"https:\\\/\\\/danielrobertomucheroni.siteup.dev\\\/wp-content\\\/uploads\\\/2023\\\/07\\\/logo.svg\",\"contentUrl\":\"https:\\\/\\\/danielrobertomucheroni.siteup.dev\\\/wp-content\\\/uploads\\\/2023\\\/07\\\/logo.svg\",\"width\":168,\"height\":50,\"caption\":\"Ninpon\"},\"image\":{\"@id\":\"https:\\\/\\\/danielrobertomucheroni.siteup.dev\\\/#\\\/schema\\\/logo\\\/image\\\/\"}}]}<\/script>\n<!-- \/ Yoast SEO plugin. -->","yoast_head_json":{"title":"Terms of Use | Ninpon","description":"Read Ninpon\u2019s terms of use and understand our guidelines for purchasing anime and gaming merchandise online.","robots":{"index":"noindex","follow":"follow","max-snippet":"max-snippet:-1","max-image-preview":"max-image-preview:large","max-video-preview":"max-video-preview:-1"},"og_locale":"es_ES","og_type":"article","og_title":"Terms of Use | Ninpon","og_description":"Read Ninpon\u2019s terms of use and understand our guidelines for purchasing anime and gaming merchandise online.","og_url":"https:\/\/danielrobertomucheroni.siteup.dev\/es\/terms-of-use\/","og_site_name":"Ninpon","article_modified_time":"2025-09-15T09:42:08+00:00","og_image":[{"width":1200,"height":675,"url":"https:\/\/danielrobertomucheroni.siteup.dev\/wp-content\/uploads\/2025\/09\/seo.png","type":"image\/png"}],"twitter_card":"summary_large_image","twitter_misc":{"Tiempo de lectura":"9 minutos"},"schema":{"@context":"https:\/\/schema.org","@graph":[{"@type":"WebPage","@id":"https:\/\/danielrobertomucheroni.siteup.dev\/terms-of-use\/","url":"https:\/\/danielrobertomucheroni.siteup.dev\/terms-of-use\/","name":"Terms of Use | Ninpon","isPartOf":{"@id":"https:\/\/danielrobertomucheroni.siteup.dev\/#website"},"datePublished":"2025-04-04T19:46:59+00:00","dateModified":"2025-09-15T09:42:08+00:00","description":"Read Ninpon\u2019s terms of use and understand our guidelines for purchasing anime and gaming merchandise online.","inLanguage":"es","potentialAction":[{"@type":"ReadAction","target":["https:\/\/danielrobertomucheroni.siteup.dev\/terms-of-use\/"]}]},{"@type":"WebSite","@id":"https:\/\/danielrobertomucheroni.siteup.dev\/#website","url":"https:\/\/danielrobertomucheroni.siteup.dev\/","name":"Ninpon","description":"","publisher":{"@id":"https:\/\/danielrobertomucheroni.siteup.dev\/#organization"},"potentialAction":[{"@type":"SearchAction","target":{"@type":"EntryPoint","urlTemplate":"https:\/\/danielrobertomucheroni.siteup.dev\/?s={search_term_string}"},"query-input":{"@type":"PropertyValueSpecification","valueRequired":true,"valueName":"search_term_string"}}],"inLanguage":"es"},{"@type":"Organization","@id":"https:\/\/danielrobertomucheroni.siteup.dev\/#organization","name":"Ninpon","url":"https:\/\/danielrobertomucheroni.siteup.dev\/","logo":{"@type":"ImageObject","inLanguage":"es","@id":"https:\/\/danielrobertomucheroni.siteup.dev\/#\/schema\/logo\/image\/","url":"https:\/\/danielrobertomucheroni.siteup.dev\/wp-content\/uploads\/2023\/07\/logo.svg","contentUrl":"https:\/\/danielrobertomucheroni.siteup.dev\/wp-content\/uploads\/2023\/07\/logo.svg","width":168,"height":50,"caption":"Ninpon"},"image":{"@id":"https:\/\/danielrobertomucheroni.siteup.dev\/#\/schema\/logo\/image\/"}}]}},"_links":{"self":[{"href":"https:\/\/danielrobertomucheroni.siteup.dev\/es\/wp-json\/wp\/v2\/pages\/876","targetHints":{"allow":["GET"]}}],"collection":[{"href":"https:\/\/danielrobertomucheroni.siteup.dev\/es\/wp-json\/wp\/v2\/pages"}],"about":[{"href":"https:\/\/danielrobertomucheroni.siteup.dev\/es\/wp-json\/wp\/v2\/types\/page"}],"author":[{"embeddable":true,"href":"https:\/\/danielrobertomucheroni.siteup.dev\/es\/wp-json\/wp\/v2\/users\/2"}],"replies":[{"embeddable":true,"href":"https:\/\/danielrobertomucheroni.siteup.dev\/es\/wp-json\/wp\/v2\/comments?post=876"}],"version-history":[{"count":8,"href":"https:\/\/danielrobertomucheroni.siteup.dev\/es\/wp-json\/wp\/v2\/pages\/876\/revisions"}],"predecessor-version":[{"id":884,"href":"https:\/\/danielrobertomucheroni.siteup.dev\/es\/wp-json\/wp\/v2\/pages\/876\/revisions\/884"}],"wp:attachment":[{"href":"https:\/\/danielrobertomucheroni.siteup.dev\/es\/wp-json\/wp\/v2\/media?parent=876"}],"curies":[{"name":"wp","href":"https:\/\/api.w.org\/{rel}","templated":true}]}}