{"id":149,"date":"2023-07-12T13:23:36","date_gmt":"2023-07-12T16:23:36","guid":{"rendered":"https:\/\/danielrobertomucheroni.siteup.dev\/?page_id=149"},"modified":"2025-09-15T06:43:05","modified_gmt":"2025-09-15T09:43:05","slug":"privacy-policy","status":"publish","type":"page","link":"https:\/\/danielrobertomucheroni.siteup.dev\/pt\/politica-de-privacidade\/","title":{"rendered":"Privacy Policy"},"content":{"rendered":"<p>Esta Pol\u00edtica de Privacidade destina-se a comunicar que tipo de informa\u00e7\u00e3o pessoal recolhemos dos nossos usu\u00e1rios e como \u00e9 usada.<\/p>\n<p>Para o processamento da informa\u00e7\u00e3o dos nossos usu\u00e1rios, implement\u00e1mos todas as medidas de seguran\u00e7a t\u00e9cnicas e organizacionais estabelecidas na legisla\u00e7\u00e3o atual.<\/p>\n<p>&nbsp;<\/p>\n<p><strong>1 - Quem \u00e9 respons\u00e1vel pelas nossas informa\u00e7\u00f5es pessoais?<\/strong><\/p>\n<p>Ninpon \u00e9 o nome designado pela empresa Ninpon Unipessoal Lda., com o N\u00famero de Identifica\u00e7\u00e3o Fiscal (NIF) 000000000000, e \u00e9 a entidade respons\u00e1vel pela sua informa\u00e7\u00e3o pessoal.<\/p>\n<p>Informamos que o dom\u00ednio e website ninpon.com s\u00e3o inteiramente propriedade da Ninpon Unipessoal Lda.<br \/>\nEste website est\u00e1 em conformidade com o Regulamento (UE) 2016\/679 do Parlamento Europeu e do Conselho, de 27 de abril de 2016, relativo \u00e0 prote\u00e7\u00e3o das pessoas singulares no que diz respeito ao tratamento de dados pessoais e \u00e0 livre circula\u00e7\u00e3o desses dados  (RGPD).<\/p>\n<p>Os usu\u00e1rios podem contactar-nos atrav\u00e9s do e-mail seguinte: info@ninpon.com<\/p>\n<p>&nbsp;<\/p>\n<p><strong>2 - Usu\u00e1rio<\/strong><\/p>\n<p>O usu\u00e1rio \u00e9 a pessoa que navega em ninpon.com, em qualquer das suas p\u00e1ginas ou sec\u00e7\u00f5es, possua ou n\u00e3o uma conta no website descrito. A partir do momento em que o usu\u00e1rio acessa a navega\u00e7\u00e3o, uma rela\u00e7\u00e3o \u00e9 estabelecida, na qual aceita os Termos e Condi\u00e7\u00f5es, bem como a pol\u00edtica aqui declarada.<\/p>\n<p>Usu\u00e1rios com menos de 18 anos precisam de consentimento parental ou autoriza\u00e7\u00e3o da pessoa a quem esteja confiada a sua guarda legal para o processamento dos seus dados pessoais. A Ninpon n\u00e3o consegue verificar de maneira eficaz a idade dos seus usu\u00e1rios, e, portanto, est\u00e1 isenta de qualquer responsabilidade se o usu\u00e1rio n\u00e3o cumprir com o que est\u00e1 aqui declarado.<\/p>\n<p>&nbsp;<\/p>\n<p><strong>3 - Uso de dados pessoais<\/strong><\/p>\n<p>Os dados pessoais recolhidos pela Ninpon ser\u00e3o usados para os seguintes fins:<\/p>\n<p>1 - Fornecimendo de servi\u00e7os oferecidos atrav\u00e9s do website.<br \/>\n2 - Envio de publicidade da Ninpon sobre os seus servi\u00e7os via e-mail.<br \/>\n3 - Servi\u00e7os anal\u00edticos<\/p>\n<p>A Ninpon trata a prote\u00e7\u00e3o da sua privacidade com seriedade. Portanto, os seus dados pessoais s\u00e3o mantidos em seguran\u00e7a e tratados com o m\u00e1ximo cuidado. N\u00e3o usamos os dados pessoais dos usu\u00e1rios para qualquer prop\u00f3sito que n\u00e3o esteja expresso nesta Pol\u00edtica de Privacidade.<\/p>\n<p>&nbsp;<\/p>\n<p><strong>4 - Per\u00edodo de reten\u00e7\u00e3o de dados pessoais<\/strong><\/p>\n<p>Os dados pessoais fornecidos ser\u00e3o retidos pela Ninpon enquanto a rela\u00e7\u00e3o comercial existir ou at\u00e9 ao momento em que o usu\u00e1rio deseje cancelar a subscri\u00e7\u00e3o dos servi\u00e7os Ninpon.<\/p>\n<p>&nbsp;<\/p>\n<p><strong>5 - Precis\u00e3o e veracidade dos dados<\/strong><\/p>\n<p>O usu\u00e1rio \u00e9 totalmente respons\u00e1vel pela precis\u00e3o e veracidade dos dados que fornece a ninpon.com, e a Ninpon est\u00e1 isenta de qualquer responsabilidade neste aspeto.<\/p>\n<p>O usu\u00e1rio garante e \u00e9 respons\u00e1vel, em qualquer caso, pela precis\u00e3o, validade e autenticidade dos dados pessoais fornecidos e compromete-se a mant\u00ea-los corretamente atualizados. O usu\u00e1rio concorda em fornecer informa\u00e7\u00e3o completa e correta no formul\u00e1rio correspondente.<\/p>\n<p>A Ninpon reserva o direito de excluir qualquer usu\u00e1rio dos servi\u00e7os de registo que tenha fornecido dados falsos, sem preju\u00edzo com outras a\u00e7\u00f5es que possam ser tomadas legalmente.<\/p>\n<p>&nbsp;<\/p>\n<p><strong>6 - Direitos do usu\u00e1rio quanto aos seus dados<\/strong><\/p>\n<p>O usu\u00e1rio tem o direito de:<\/p>\n<p>1 - Aceder aos seus dados pessoais.<br \/>\n2 - Solicitar a retifica\u00e7\u00e3o dos seus dados pessoais.<br \/>\n3 - Solicitar a elimina\u00e7\u00e3o dos seus dados pessoais.<br \/>\n4 - Solicitar restri\u00e7\u00e3o no processamento dos seus dados pessoais.<br \/>\n5 - Opor-se ao processamento dos seus dados pessoais.<br \/>\n6 - Solicitar a portabilidade dos seus dados pessoais.<br \/>\n7 - Opor-se e ter uma tomada de decis\u00f5es individual e automatizada.<br \/>\n8 - Os usu\u00e1rios t\u00eam tamb\u00e9m o direito \u00e0 tutela jurisdicional efetiva e de apresentar queixa \u00e0 Comiss\u00e3o Nacional de Prote\u00e7\u00e3o de Dados, caso considerem que o processamento dos seus dados pessoais viola o RGPD.<\/p>\n<p>O usu\u00e1rio pode exercer os seus direitos atrav\u00e9s do endere\u00e7o e-mail seguinte: \ninfo@ninpon.com, apresentando a raz\u00e3o do pedido e fornecendo uma c\u00f3pia do seu documento de identifica\u00e7\u00e3o.<\/p>\n<p>&nbsp;<\/p>\n<p><strong>7 - Seguran\u00e7a dos dados e confidencialidade<\/strong><\/p>\n<p>A Ninpon est\u00e1 encarregue do uso e processamento dos dados pessoais fornecidos pelos usu\u00e1rios, respeitando a sua confidencialidade e usando-os de acordo com o prop\u00f3sito estipulado, cumprindo tamb\u00e9m a sua obriga\u00e7\u00e3o de mant\u00ea-los seguros e adotando todas as medidas ao seu dispor para prevenir altera\u00e7\u00e3o, perda e processamento ou acesso n\u00e3o autorizado, de acordo com as normas das atuais regula\u00e7\u00f5es de prote\u00e7\u00e3o de dados.<\/p>\n<p>A Ninpon compromete-se a cumprir com o dever de confidencialidade e sigilo referentes aos dados pessoais dos usu\u00e1rios de acordo com a lei aplic\u00e1vel, assim como a fornecer um tratatamento seguro em transfer\u00eancias internacionais e atribui\u00e7\u00f5es baseadas em dados que possam ocorrer.<\/p>\n<p>A Ninpon garante que qualquer trabalhador autorizado a processar os dados dos clientes (incluindo a equipa, colaboradores e fornecedores) estar\u00e1 sob a obriga\u00e7\u00e3o de confidencialidade apropriada.<\/p>\n<p>Para os servi\u00e7os no website que requerem a cria\u00e7\u00e3o de uma conta, uma palavra-passe deve ser escolhida. O usu\u00e1rio \u00e9 respons\u00e1vel por manter a confidencialidade da sua palavra-passe e por todas as atividades que aconte\u00e7am enquanto a sess\u00e3o estiver iniciada com o seu nome de usu\u00e1rio e palavra-passe.<\/p>\n<p>O usu\u00e1rio concorda em notificar a Ninpon o mais r\u00e1pido poss\u00edvel sobre qualquer uso n\u00e3o autorizado da sua conta, nome de usu\u00e1rio, palavra-passe ou qualquer outra falha de seguran\u00e7a. A Ninpon n\u00e3o se responsabiliza por qualquer dano ou perda que resulte do incumprimento de obriga\u00e7\u00e3o por parte do usu\u00e1rio.<\/p>\n<p>&nbsp;<\/p>\n<p><strong>8 \u2013 Changes to the Privacy Policy<\/strong><\/p>\n<p>A Ninpon reserva o direito de rever a sua Pol\u00edtica de Privacidade a qualquer momento. Nesses casos, as mudan\u00e7as na Pol\u00edtica de Privacidade ser\u00e3o comunicadas ao usu\u00e1rio.<\/p>\n<p>&nbsp;<\/p>\n<p><strong>9 - Liga\u00e7\u00f5es externas<\/strong><\/p>\n<p>O website da Ninpon (ninpon.com) pode conter liga\u00e7\u00f5es que levam a websites e aplica\u00e7\u00f5es de empresas e entidades de terceiros. A Ninpon n\u00e3o se responsabiliza pela forma como estas empresas tratam a sua privacidade e a prote\u00e7\u00e3o dos dados pessoais.<\/p>\n<p>&nbsp;<\/p>\n<p><strong>10 - D\u00favidas<\/strong><\/p>\n<p>Se tem alguma d\u00favida sobre esta Pol\u00edtica de Privacidade ou sobre o processamento dos seus dados, por favor contacte a Ninpon a trav\u00e9s do e-mail: info@ninpon.com<\/p>\n<p>&nbsp;<\/p>\n<p><strong>11 - Consentimento<\/strong><\/p>\n<p>O usu\u00e1rio declara que foi informado das condi\u00e7\u00f5es de prote\u00e7\u00e3o de dados pessoais, aceitando e consentido o processamento de tais dados pela Ninpon, para os fins indicados nesta Pol\u00edtica de Privacidade.<\/p>","protected":false},"excerpt":{"rendered":"<p>This privacy statement explains what personal information we collect from our users and how it is used. For the processing of our user&#8217;s data, we have implemented all the technical and organizational security measures established in the current legislation. &nbsp; 1 &#8211; Who is responsible for your personal data? Ninpon is the name designated by [&hellip;]<\/p>","protected":false},"author":2,"featured_media":0,"parent":0,"menu_order":0,"comment_status":"closed","ping_status":"closed","template":"","meta":{"footnotes":""},"class_list":["post-149","page","type-page","status-publish","hentry"],"acf":[],"yoast_head":"<!-- This site is optimized with the Yoast SEO plugin v27.3 - https:\/\/yoast.com\/product\/yoast-seo-wordpress\/ -->\n<title>Privacy Policy | Ninpon<\/title>\n<meta name=\"description\" content=\"Discover how Ninpon protects your privacy and data when shopping for anime and gaming merchandise on our website.\" \/>\n<meta name=\"robots\" content=\"noindex, follow, max-snippet:-1, max-image-preview:large, max-video-preview:-1\" \/>\n<meta property=\"og:locale\" content=\"pt_PT\" \/>\n<meta property=\"og:type\" content=\"article\" \/>\n<meta property=\"og:title\" content=\"Privacy Policy | Ninpon\" \/>\n<meta property=\"og:description\" content=\"Discover how Ninpon protects your privacy and data when shopping for anime and gaming merchandise on our website.\" \/>\n<meta property=\"og:url\" content=\"https:\/\/danielrobertomucheroni.siteup.dev\/pt\/politica-de-privacidade\/\" \/>\n<meta property=\"og:site_name\" content=\"Ninpon\" \/>\n<meta property=\"article:modified_time\" content=\"2025-09-15T09:43:05+00:00\" \/>\n<meta property=\"og:image\" content=\"https:\/\/danielrobertomucheroni.siteup.dev\/wp-content\/uploads\/2025\/09\/seo.png\" \/>\n\t<meta property=\"og:image:width\" content=\"1200\" \/>\n\t<meta property=\"og:image:height\" content=\"675\" \/>\n\t<meta property=\"og:image:type\" content=\"image\/png\" \/>\n<meta name=\"twitter:card\" content=\"summary_large_image\" \/>\n<meta name=\"twitter:label1\" content=\"Tempo estimado de leitura\" \/>\n\t<meta name=\"twitter:data1\" content=\"5 minutos\" \/>\n<script type=\"application\/ld+json\" class=\"yoast-schema-graph\">{\"@context\":\"https:\\\/\\\/schema.org\",\"@graph\":[{\"@type\":\"WebPage\",\"@id\":\"https:\\\/\\\/danielrobertomucheroni.siteup.dev\\\/privacy-policy\\\/\",\"url\":\"https:\\\/\\\/danielrobertomucheroni.siteup.dev\\\/privacy-policy\\\/\",\"name\":\"Privacy Policy | Ninpon\",\"isPartOf\":{\"@id\":\"https:\\\/\\\/danielrobertomucheroni.siteup.dev\\\/#website\"},\"datePublished\":\"2023-07-12T16:23:36+00:00\",\"dateModified\":\"2025-09-15T09:43:05+00:00\",\"description\":\"Discover how Ninpon protects your privacy and data when shopping for anime and gaming merchandise on our website.\",\"inLanguage\":\"pt-PT\",\"potentialAction\":[{\"@type\":\"ReadAction\",\"target\":[\"https:\\\/\\\/danielrobertomucheroni.siteup.dev\\\/privacy-policy\\\/\"]}]},{\"@type\":\"WebSite\",\"@id\":\"https:\\\/\\\/danielrobertomucheroni.siteup.dev\\\/#website\",\"url\":\"https:\\\/\\\/danielrobertomucheroni.siteup.dev\\\/\",\"name\":\"Ninpon\",\"description\":\"\",\"publisher\":{\"@id\":\"https:\\\/\\\/danielrobertomucheroni.siteup.dev\\\/#organization\"},\"potentialAction\":[{\"@type\":\"SearchAction\",\"target\":{\"@type\":\"EntryPoint\",\"urlTemplate\":\"https:\\\/\\\/danielrobertomucheroni.siteup.dev\\\/?s={search_term_string}\"},\"query-input\":{\"@type\":\"PropertyValueSpecification\",\"valueRequired\":true,\"valueName\":\"search_term_string\"}}],\"inLanguage\":\"pt-PT\"},{\"@type\":\"Organization\",\"@id\":\"https:\\\/\\\/danielrobertomucheroni.siteup.dev\\\/#organization\",\"name\":\"Ninpon\",\"url\":\"https:\\\/\\\/danielrobertomucheroni.siteup.dev\\\/\",\"logo\":{\"@type\":\"ImageObject\",\"inLanguage\":\"pt-PT\",\"@id\":\"https:\\\/\\\/danielrobertomucheroni.siteup.dev\\\/#\\\/schema\\\/logo\\\/image\\\/\",\"url\":\"https:\\\/\\\/danielrobertomucheroni.siteup.dev\\\/wp-content\\\/uploads\\\/2023\\\/07\\\/logo.svg\",\"contentUrl\":\"https:\\\/\\\/danielrobertomucheroni.siteup.dev\\\/wp-content\\\/uploads\\\/2023\\\/07\\\/logo.svg\",\"width\":168,\"height\":50,\"caption\":\"Ninpon\"},\"image\":{\"@id\":\"https:\\\/\\\/danielrobertomucheroni.siteup.dev\\\/#\\\/schema\\\/logo\\\/image\\\/\"}}]}<\/script>\n<!-- \/ Yoast SEO plugin. -->","yoast_head_json":{"title":"Privacy Policy | Ninpon","description":"Discover how Ninpon protects your privacy and data when shopping for anime and gaming merchandise on our website.","robots":{"index":"noindex","follow":"follow","max-snippet":"max-snippet:-1","max-image-preview":"max-image-preview:large","max-video-preview":"max-video-preview:-1"},"og_locale":"pt_PT","og_type":"article","og_title":"Privacy Policy | Ninpon","og_description":"Discover how Ninpon protects your privacy and data when shopping for anime and gaming merchandise on our website.","og_url":"https:\/\/danielrobertomucheroni.siteup.dev\/pt\/politica-de-privacidade\/","og_site_name":"Ninpon","article_modified_time":"2025-09-15T09:43:05+00:00","og_image":[{"width":1200,"height":675,"url":"https:\/\/danielrobertomucheroni.siteup.dev\/wp-content\/uploads\/2025\/09\/seo.png","type":"image\/png"}],"twitter_card":"summary_large_image","twitter_misc":{"Tempo estimado de leitura":"5 minutos"},"schema":{"@context":"https:\/\/schema.org","@graph":[{"@type":"WebPage","@id":"https:\/\/danielrobertomucheroni.siteup.dev\/privacy-policy\/","url":"https:\/\/danielrobertomucheroni.siteup.dev\/privacy-policy\/","name":"Privacy Policy | Ninpon","isPartOf":{"@id":"https:\/\/danielrobertomucheroni.siteup.dev\/#website"},"datePublished":"2023-07-12T16:23:36+00:00","dateModified":"2025-09-15T09:43:05+00:00","description":"Discover how Ninpon protects your privacy and data when shopping for anime and gaming merchandise on our website.","inLanguage":"pt-PT","potentialAction":[{"@type":"ReadAction","target":["https:\/\/danielrobertomucheroni.siteup.dev\/privacy-policy\/"]}]},{"@type":"WebSite","@id":"https:\/\/danielrobertomucheroni.siteup.dev\/#website","url":"https:\/\/danielrobertomucheroni.siteup.dev\/","name":"Ninpon","description":"","publisher":{"@id":"https:\/\/danielrobertomucheroni.siteup.dev\/#organization"},"potentialAction":[{"@type":"SearchAction","target":{"@type":"EntryPoint","urlTemplate":"https:\/\/danielrobertomucheroni.siteup.dev\/?s={search_term_string}"},"query-input":{"@type":"PropertyValueSpecification","valueRequired":true,"valueName":"search_term_string"}}],"inLanguage":"pt-PT"},{"@type":"Organization","@id":"https:\/\/danielrobertomucheroni.siteup.dev\/#organization","name":"Ninpon","url":"https:\/\/danielrobertomucheroni.siteup.dev\/","logo":{"@type":"ImageObject","inLanguage":"pt-PT","@id":"https:\/\/danielrobertomucheroni.siteup.dev\/#\/schema\/logo\/image\/","url":"https:\/\/danielrobertomucheroni.siteup.dev\/wp-content\/uploads\/2023\/07\/logo.svg","contentUrl":"https:\/\/danielrobertomucheroni.siteup.dev\/wp-content\/uploads\/2023\/07\/logo.svg","width":168,"height":50,"caption":"Ninpon"},"image":{"@id":"https:\/\/danielrobertomucheroni.siteup.dev\/#\/schema\/logo\/image\/"}}]}},"_links":{"self":[{"href":"https:\/\/danielrobertomucheroni.siteup.dev\/pt\/wp-json\/wp\/v2\/pages\/149","targetHints":{"allow":["GET"]}}],"collection":[{"href":"https:\/\/danielrobertomucheroni.siteup.dev\/pt\/wp-json\/wp\/v2\/pages"}],"about":[{"href":"https:\/\/danielrobertomucheroni.siteup.dev\/pt\/wp-json\/wp\/v2\/types\/page"}],"author":[{"embeddable":true,"href":"https:\/\/danielrobertomucheroni.siteup.dev\/pt\/wp-json\/wp\/v2\/users\/2"}],"replies":[{"embeddable":true,"href":"https:\/\/danielrobertomucheroni.siteup.dev\/pt\/wp-json\/wp\/v2\/comments?post=149"}],"version-history":[{"count":8,"href":"https:\/\/danielrobertomucheroni.siteup.dev\/pt\/wp-json\/wp\/v2\/pages\/149\/revisions"}],"predecessor-version":[{"id":887,"href":"https:\/\/danielrobertomucheroni.siteup.dev\/pt\/wp-json\/wp\/v2\/pages\/149\/revisions\/887"}],"wp:attachment":[{"href":"https:\/\/danielrobertomucheroni.siteup.dev\/pt\/wp-json\/wp\/v2\/media?parent=149"}],"curies":[{"name":"wp","href":"https:\/\/api.w.org\/{rel}","templated":true}]}}