{"id":385,"date":"2023-07-12T13:30:35","date_gmt":"2023-07-12T16:30:35","guid":{"rendered":"https:\/\/danielrobertomucheroni.siteup.dev\/?page_id=385"},"modified":"2025-09-15T06:39:43","modified_gmt":"2025-09-15T09:39:43","slug":"return-policy","status":"publish","type":"page","link":"https:\/\/danielrobertomucheroni.siteup.dev\/pt\/politica-de-devolucao\/","title":{"rendered":"Pol\u00edtica de devolu\u00e7\u00e3o"},"content":{"rendered":"<p><strong>DEVOLU\u00c7\u00d5ES<\/strong><\/p>\n<p>Tem 14 dias consecutivos para fazer a devolu\u00e7\u00e3o, contando desde a data de recebimento do pedido.<br \/>\n<span style=\"font-weight: 400;\">S\u00f3 produtos na embalagem original, selados e em perfeitas condi\u00e7\u00f5es ser\u00e3o aceites.<br \/>\n<\/span><\/p>\n<p>&nbsp;<\/p>\n<p><strong>PROCESSO DE DEVOLU\u00c7\u00c3O<\/strong><\/p>\n<p><span style=\"font-weight: 400;\">Antes de devolver um produto, por favor contacte o nosso servi\u00e7o ao cliente e inform\u00e1-lo-emos como deve proceder.<br \/>\n<\/span><span style=\"font-weight: 400;\">Em caso de devolu\u00e7\u00f5es por defeito, por favor contacte o nosso servi\u00e7o ao cliente nas 48 horas seguintes com as evid\u00eancias necess\u00e1rias. A nossa equipa vai avaliar a situa\u00e7\u00e3o e inform\u00e1-lo como proceder.<\/span><\/p>\n<p><span style=\"font-weight: 400;\">Depois de receber as instru\u00e7\u00f5es, o cliente ser\u00e1 respons\u00e1vel pelo envio da devolu\u00e7\u00e3o para a seguinte morada:<br \/>\n<\/span><span style=\"font-weight: 400;\">Ninpon<br \/>\n<\/span><span style=\"font-weight: 400;\">Rua da Industria, 1 -1 dt<br \/>\n<\/span><span style=\"font-weight: 400;\">3810-011 Santa Joana &#8211; Aveiro<br \/>\n<\/span><span style=\"font-weight: 400;\">Portugal<\/span><\/p>\n<p><span style=\"font-weight: 400;\">Por favor, note, o cliente ser\u00e1 respons\u00e1vel por todos os custos de devolu\u00e7\u00e3o, exceto em produtos com defeito. Neste caso, a Ninpon suporta os custos de envio.<br \/>\n<\/span><span style=\"font-weight: 400;\">Aconselhamos o envio dos produtos atrav\u00e9s de um servi\u00e7o que permita o acompanhamento do estado da entrega. N\u00e3o podemos reembolsar produtos que n\u00e3o sejam recebidos por n\u00f3s.<\/span><\/p>\n<p>&nbsp;<\/p>\n<p><strong>REEMBOLSOS<\/strong><\/p>\n<p><span style=\"font-weight: 400;\">Depois de receber a sua devolu\u00e7\u00e3o e inspecionar as condi\u00e7\u00f5es do produto, daremos in\u00edcio ao processo de reembolso. Por favor, aguarde pelo menos oito (8) dias \u00fateis a partir da rece\u00e7\u00e3o do artigo para o processamento da sua devolu\u00e7\u00e3o.<br \/>\n<\/span>Refunds may take 1-2 billing cycles to appear on your credit card statement, depending on its\u00a0company. We will notify you by email when your return has been processed.<\/p>\n<p>&nbsp;<\/p>\n<p><strong>EXCE\u00c7\u00d5ES<\/strong><\/p>\n<p><span style=\"font-weight: 400;\">Os produtos seguintes n\u00e3o podem ser devolvidos:<br \/>\n<\/span><span style=\"font-weight: 400;\">Produtos em pr\u00e9-venda<br \/>\n<\/span><span style=\"font-weight: 400;\">Produtos em stock de fornecedores<\/span><\/p>\n<p><span style=\"font-weight: 400;\">N\u00e3o podemos oferecer devolu\u00e7\u00f5es de produtos comprados em pr\u00e9-venda ou que estejam em stock de fornecedores, j\u00e1 que cada compra \u00e9 feita \u00fanica e exclusivamente para cada cliente e n\u00e3o pode ser cancelada com o fornecedor.<br \/>\n<\/span><span style=\"font-weight: 400;\">Em caso de produtos com defeito, por favor contacte o nosso servi\u00e7o ao cliente nas 48 horas seguintes com as evid\u00eancias necess\u00e1rias. A nossa equipa vai avaliar a situa\u00e7\u00e3o e inform\u00e1-lo como proceder.<\/span><\/p>\n<p>&nbsp;<\/p>\n<p><strong>PERGUNTAS<\/strong><\/p>\n<p><span style=\"font-weight: 400;\">Se tem alguma d\u00favida sobre a pol\u00edtica de devolu\u00e7\u00e3o, por favor contacte-nos em:<br \/>\n<\/span><span style=\"font-weight: 400;\">+351 000 000 000 (Only WhatsApp)<br \/>\n<\/span><span style=\"font-weight: 400;\">info@ninpon.com<\/span><\/p>","protected":false},"excerpt":{"rendered":"<p>RETURN You have 14 consecutive days to make the return, counting from the date of receipt of the order. Only products that are in their original packaging, unopened and in perfect condition will be accepted. &nbsp; RETURN PROCESS Before returning an item, please contact our custom service and we will inform you how to proceed. [&hellip;]<\/p>","protected":false},"author":2,"featured_media":0,"parent":0,"menu_order":0,"comment_status":"closed","ping_status":"closed","template":"","meta":{"footnotes":""},"class_list":["post-385","page","type-page","status-publish","hentry"],"acf":[],"yoast_head":"<!-- This site is optimized with the Yoast SEO plugin v27.3 - https:\/\/yoast.com\/product\/yoast-seo-wordpress\/ -->\n<title>Refund Policy | Ninpon<\/title>\n<meta name=\"description\" content=\"Read Ninpon\u2019s refund policy for anime and gaming products. Your satisfaction is our top priority when shopping online.\" \/>\n<meta name=\"robots\" content=\"noindex, follow, max-snippet:-1, max-image-preview:large, max-video-preview:-1\" \/>\n<meta property=\"og:locale\" content=\"pt_PT\" \/>\n<meta property=\"og:type\" content=\"article\" \/>\n<meta property=\"og:title\" content=\"Refund Policy | Ninpon\" \/>\n<meta property=\"og:description\" content=\"Read Ninpon\u2019s refund policy for anime and gaming products. Your satisfaction is our top priority when shopping online.\" \/>\n<meta property=\"og:url\" content=\"https:\/\/danielrobertomucheroni.siteup.dev\/pt\/politica-de-devolucao\/\" \/>\n<meta property=\"og:site_name\" content=\"Ninpon\" \/>\n<meta property=\"article:modified_time\" content=\"2025-09-15T09:39:43+00:00\" \/>\n<meta property=\"og:image\" content=\"https:\/\/danielrobertomucheroni.siteup.dev\/wp-content\/uploads\/2025\/09\/seo.png\" \/>\n\t<meta property=\"og:image:width\" content=\"1200\" \/>\n\t<meta property=\"og:image:height\" content=\"675\" \/>\n\t<meta property=\"og:image:type\" content=\"image\/png\" \/>\n<meta name=\"twitter:card\" content=\"summary_large_image\" \/>\n<meta name=\"twitter:label1\" content=\"Tempo estimado de leitura\" \/>\n\t<meta name=\"twitter:data1\" content=\"2 minutos\" \/>\n<script type=\"application\/ld+json\" class=\"yoast-schema-graph\">{\"@context\":\"https:\\\/\\\/schema.org\",\"@graph\":[{\"@type\":\"WebPage\",\"@id\":\"https:\\\/\\\/danielrobertomucheroni.siteup.dev\\\/return-policy\\\/\",\"url\":\"https:\\\/\\\/danielrobertomucheroni.siteup.dev\\\/return-policy\\\/\",\"name\":\"Refund Policy | Ninpon\",\"isPartOf\":{\"@id\":\"https:\\\/\\\/danielrobertomucheroni.siteup.dev\\\/#website\"},\"datePublished\":\"2023-07-12T16:30:35+00:00\",\"dateModified\":\"2025-09-15T09:39:43+00:00\",\"description\":\"Read Ninpon\u2019s refund policy for anime and gaming products. Your satisfaction is our top priority when shopping online.\",\"inLanguage\":\"pt-PT\",\"potentialAction\":[{\"@type\":\"ReadAction\",\"target\":[\"https:\\\/\\\/danielrobertomucheroni.siteup.dev\\\/return-policy\\\/\"]}]},{\"@type\":\"WebSite\",\"@id\":\"https:\\\/\\\/danielrobertomucheroni.siteup.dev\\\/#website\",\"url\":\"https:\\\/\\\/danielrobertomucheroni.siteup.dev\\\/\",\"name\":\"Ninpon\",\"description\":\"\",\"publisher\":{\"@id\":\"https:\\\/\\\/danielrobertomucheroni.siteup.dev\\\/#organization\"},\"potentialAction\":[{\"@type\":\"SearchAction\",\"target\":{\"@type\":\"EntryPoint\",\"urlTemplate\":\"https:\\\/\\\/danielrobertomucheroni.siteup.dev\\\/?s={search_term_string}\"},\"query-input\":{\"@type\":\"PropertyValueSpecification\",\"valueRequired\":true,\"valueName\":\"search_term_string\"}}],\"inLanguage\":\"pt-PT\"},{\"@type\":\"Organization\",\"@id\":\"https:\\\/\\\/danielrobertomucheroni.siteup.dev\\\/#organization\",\"name\":\"Ninpon\",\"url\":\"https:\\\/\\\/danielrobertomucheroni.siteup.dev\\\/\",\"logo\":{\"@type\":\"ImageObject\",\"inLanguage\":\"pt-PT\",\"@id\":\"https:\\\/\\\/danielrobertomucheroni.siteup.dev\\\/#\\\/schema\\\/logo\\\/image\\\/\",\"url\":\"https:\\\/\\\/danielrobertomucheroni.siteup.dev\\\/wp-content\\\/uploads\\\/2023\\\/07\\\/logo.svg\",\"contentUrl\":\"https:\\\/\\\/danielrobertomucheroni.siteup.dev\\\/wp-content\\\/uploads\\\/2023\\\/07\\\/logo.svg\",\"width\":168,\"height\":50,\"caption\":\"Ninpon\"},\"image\":{\"@id\":\"https:\\\/\\\/danielrobertomucheroni.siteup.dev\\\/#\\\/schema\\\/logo\\\/image\\\/\"}}]}<\/script>\n<!-- \/ Yoast SEO plugin. -->","yoast_head_json":{"title":"Refund Policy | Ninpon","description":"Read Ninpon\u2019s refund policy for anime and gaming products. Your satisfaction is our top priority when shopping online.","robots":{"index":"noindex","follow":"follow","max-snippet":"max-snippet:-1","max-image-preview":"max-image-preview:large","max-video-preview":"max-video-preview:-1"},"og_locale":"pt_PT","og_type":"article","og_title":"Refund Policy | Ninpon","og_description":"Read Ninpon\u2019s refund policy for anime and gaming products. Your satisfaction is our top priority when shopping online.","og_url":"https:\/\/danielrobertomucheroni.siteup.dev\/pt\/politica-de-devolucao\/","og_site_name":"Ninpon","article_modified_time":"2025-09-15T09:39:43+00:00","og_image":[{"width":1200,"height":675,"url":"https:\/\/danielrobertomucheroni.siteup.dev\/wp-content\/uploads\/2025\/09\/seo.png","type":"image\/png"}],"twitter_card":"summary_large_image","twitter_misc":{"Tempo estimado de leitura":"2 minutos"},"schema":{"@context":"https:\/\/schema.org","@graph":[{"@type":"WebPage","@id":"https:\/\/danielrobertomucheroni.siteup.dev\/return-policy\/","url":"https:\/\/danielrobertomucheroni.siteup.dev\/return-policy\/","name":"Refund Policy | Ninpon","isPartOf":{"@id":"https:\/\/danielrobertomucheroni.siteup.dev\/#website"},"datePublished":"2023-07-12T16:30:35+00:00","dateModified":"2025-09-15T09:39:43+00:00","description":"Read Ninpon\u2019s refund policy for anime and gaming products. Your satisfaction is our top priority when shopping online.","inLanguage":"pt-PT","potentialAction":[{"@type":"ReadAction","target":["https:\/\/danielrobertomucheroni.siteup.dev\/return-policy\/"]}]},{"@type":"WebSite","@id":"https:\/\/danielrobertomucheroni.siteup.dev\/#website","url":"https:\/\/danielrobertomucheroni.siteup.dev\/","name":"Ninpon","description":"","publisher":{"@id":"https:\/\/danielrobertomucheroni.siteup.dev\/#organization"},"potentialAction":[{"@type":"SearchAction","target":{"@type":"EntryPoint","urlTemplate":"https:\/\/danielrobertomucheroni.siteup.dev\/?s={search_term_string}"},"query-input":{"@type":"PropertyValueSpecification","valueRequired":true,"valueName":"search_term_string"}}],"inLanguage":"pt-PT"},{"@type":"Organization","@id":"https:\/\/danielrobertomucheroni.siteup.dev\/#organization","name":"Ninpon","url":"https:\/\/danielrobertomucheroni.siteup.dev\/","logo":{"@type":"ImageObject","inLanguage":"pt-PT","@id":"https:\/\/danielrobertomucheroni.siteup.dev\/#\/schema\/logo\/image\/","url":"https:\/\/danielrobertomucheroni.siteup.dev\/wp-content\/uploads\/2023\/07\/logo.svg","contentUrl":"https:\/\/danielrobertomucheroni.siteup.dev\/wp-content\/uploads\/2023\/07\/logo.svg","width":168,"height":50,"caption":"Ninpon"},"image":{"@id":"https:\/\/danielrobertomucheroni.siteup.dev\/#\/schema\/logo\/image\/"}}]}},"_links":{"self":[{"href":"https:\/\/danielrobertomucheroni.siteup.dev\/pt\/wp-json\/wp\/v2\/pages\/385","targetHints":{"allow":["GET"]}}],"collection":[{"href":"https:\/\/danielrobertomucheroni.siteup.dev\/pt\/wp-json\/wp\/v2\/pages"}],"about":[{"href":"https:\/\/danielrobertomucheroni.siteup.dev\/pt\/wp-json\/wp\/v2\/types\/page"}],"author":[{"embeddable":true,"href":"https:\/\/danielrobertomucheroni.siteup.dev\/pt\/wp-json\/wp\/v2\/users\/2"}],"replies":[{"embeddable":true,"href":"https:\/\/danielrobertomucheroni.siteup.dev\/pt\/wp-json\/wp\/v2\/comments?post=385"}],"version-history":[{"count":8,"href":"https:\/\/danielrobertomucheroni.siteup.dev\/pt\/wp-json\/wp\/v2\/pages\/385\/revisions"}],"predecessor-version":[{"id":831,"href":"https:\/\/danielrobertomucheroni.siteup.dev\/pt\/wp-json\/wp\/v2\/pages\/385\/revisions\/831"}],"wp:attachment":[{"href":"https:\/\/danielrobertomucheroni.siteup.dev\/pt\/wp-json\/wp\/v2\/media?parent=385"}],"curies":[{"name":"wp","href":"https:\/\/api.w.org\/{rel}","templated":true}]}}