{"id":390,"date":"2023-07-12T13:36:01","date_gmt":"2023-07-12T16:36:01","guid":{"rendered":"https:\/\/danielrobertomucheroni.siteup.dev\/?page_id=390"},"modified":"2025-09-15T06:41:27","modified_gmt":"2025-09-15T09:41:27","slug":"whats-a-pre-order","status":"publish","type":"page","link":"https:\/\/danielrobertomucheroni.siteup.dev\/pt\/o-que-e-uma-pre-encomenda\/","title":{"rendered":"O que \u00e9 uma pr\u00e9-venda?"},"content":{"rendered":"<p><strong>Na Ninpon, oferecemos aos nossos clientes a oportunidade de reservar algumas figuras antes de que estas estejam <\/strong><strong>fisicamente no nosso armaz\u00e9m. Essa op\u00e7\u00e3o \u00e9 normalmente chamada de \"pr\u00e9-venda\".<br \/>\n<\/strong><\/p>\n<p>&nbsp;<\/p>\n<p><strong>Benef\u00edcios de comprar em pr\u00e9-venda<br \/>\n<\/strong><br \/>\n\"Quando compra um produto em pr\u00e9-venda, existem dois principais benef\u00edcios. Em primeiro lugar, permite-lhe assegurar tanto a quantidade como o pre\u00e7o do produto. Na comunidade de colecion\u00e1veis, algumas figuras t\u00eam disponibilidade limitada, e o n\u00famero de unidades pode ser insuficiente para a grande demanda. Ocasionalmente, algumas figuras esgotam em fase de pr\u00e9-venda, mesmo antes de estarem dispon\u00edveis em stock. \nEm segundo lugar, ao comprar em pr\u00e9-venda, pode evitar poss\u00edveis aumentos de pre\u00e7o, que podem acontecer desde o an\u00fancio da pr\u00e9-venda at\u00e9 \u00e0 chegada do produto. \nPor isso, aconselhamos vivamente que fa\u00e7a a sua reserva enquanto os produtos est\u00e3o ainda em pr\u00e9-venda se quer garantir que n\u00e3o perde a oportunidade de adquirir um produto no qual est\u00e1 muito interessado.\"<\/p>\n<p>&nbsp;<\/p>\n<p><strong>Quanto \u00e9 que tenho que pagar no momento da reserva?<\/strong><\/p>\n<p>Reservamos o produto em pr\u00e9-venda com os nossos fornecedores individualmente para cada cliente no momento da compra. Sendo assim, para que uma reserva seja considerada completa, o pre\u00e7o completo do produto deve ser pago no momento da compra.<\/p>\n<p>&nbsp;<\/p>\n<p><strong>When I will I receive my pre-ordered figure?<br \/>\n<\/strong><br \/>\n\"A data estimada de disponibilidade da pr\u00e9-venda encontra-se indicada na descri\u00e7\u00e3o do produto. Essa data \u00e9 uma aproxima\u00e7\u00e3o dada pelos fabricantes ou distribuidores e pode estar sujeita a altera\u00e7\u00f5es sem aviso pr\u00e9vio. Portanto, se decide comprar uma figura em pr\u00e9-venda, poder\u00e1 ter que exercitar a sua paci\u00eancia em alguns casos. Sinta-se \u00e0 vontade para contactar-nos para mais informa\u00e7\u00e3o sobre o estado de chegada, caso nos tenha sido facilitada. Se o seu pedido inclui v\u00e1rios produtos, tenha em aten\u00e7\u00e3o que enviamos o pedido como um todo no momento em que todos os produtos est\u00e3o dispon\u00edveis no nosso armaz\u00e9m. Assim, a figura com a data de chegada mais distante determina o momento em que a sua encomenda vai ser enviada. \nRecomendamos que n\u00e3o combine no mesmo pedido figuras com uma diferen\u00e7a significativa nas datas de lan\u00e7amento, para evitar ter que esperar muito tempo para que as figuras estejam dispon\u00edveis. \"<\/p>\n<p>&nbsp;<\/p>\n<p><strong>Cancelamento\/modifica\u00e7\u00e3o de uma compra em pr\u00e9-venda<br \/>\n<\/strong><br \/>\n\u00c9 essencial entender que uma compra em pr\u00e9-venda \u00e9 considerada uma compra firme. Para garantir que recebe o seu produto, tratamos cada compra em pr\u00e9-venda como \u00fanica para cada cliente, e fazemos o pedido com os nossos fornecedores assim que o pagamento \u00e9 efetuado. Como resultado, n\u00e3o podemos cancelar ou modificar compras de produtos que est\u00e3o em estado de pr\u00e9-venda. Portanto, recomendamos que fa\u00e7a a sua compra quando estiver seguro da sua decis\u00e3o.<\/p>\n<p>&nbsp;<\/p>\n<p><strong>Combinar produtos em pr\u00e9-venda com produtos em stock<br \/>\n<\/strong><br \/>\nN\u00e3o \u00e9 poss\u00edvel incluir produtos em stock e produtos em pr\u00e9-venda no mesmo pedido. Se deseja comprar simultaneamente produtos em pr\u00e9-venda e produtos em stock, ter\u00e1 que fazer dois pedidos diferentes.<\/p>","protected":false},"excerpt":{"rendered":"<p>At Ninpon, we offer our clients the opportunity to reserve some figures before they are physically available in our warehouse. We refer to this option as &#8220;pre-order.&#8221; &nbsp; Benefits of pre-order When you purchase an item through pre-order, there are two main benefits. Firstly, it allows you to secure both the quantity and price of [&hellip;]<\/p>","protected":false},"author":2,"featured_media":0,"parent":0,"menu_order":0,"comment_status":"closed","ping_status":"closed","template":"","meta":{"footnotes":""},"class_list":["post-390","page","type-page","status-publish","hentry"],"acf":[],"yoast_head":"<!-- This site is optimized with the Yoast SEO plugin v27.3 - https:\/\/yoast.com\/product\/yoast-seo-wordpress\/ -->\n<title>What Is a Pre-Order? | Ninpon<\/title>\n<meta name=\"description\" content=\"Learn how pre-orders work at Ninpon and secure the most anticipated anime and gaming product releases before they sell out.\" \/>\n<meta name=\"robots\" content=\"noindex, follow, max-snippet:-1, max-image-preview:large, max-video-preview:-1\" \/>\n<meta property=\"og:locale\" content=\"pt_PT\" \/>\n<meta property=\"og:type\" content=\"article\" \/>\n<meta property=\"og:title\" content=\"What Is a Pre-Order? | Ninpon\" \/>\n<meta property=\"og:description\" content=\"Learn how pre-orders work at Ninpon and secure the most anticipated anime and gaming product releases before they sell out.\" \/>\n<meta property=\"og:url\" content=\"https:\/\/danielrobertomucheroni.siteup.dev\/pt\/o-que-e-uma-pre-encomenda\/\" \/>\n<meta property=\"og:site_name\" content=\"Ninpon\" \/>\n<meta property=\"article:modified_time\" content=\"2025-09-15T09:41:27+00:00\" \/>\n<meta property=\"og:image\" content=\"https:\/\/danielrobertomucheroni.siteup.dev\/wp-content\/uploads\/2025\/09\/seo.png\" \/>\n\t<meta property=\"og:image:width\" content=\"1200\" \/>\n\t<meta property=\"og:image:height\" content=\"675\" \/>\n\t<meta property=\"og:image:type\" content=\"image\/png\" \/>\n<meta name=\"twitter:card\" content=\"summary_large_image\" \/>\n<meta name=\"twitter:label1\" content=\"Tempo estimado de leitura\" \/>\n\t<meta name=\"twitter:data1\" content=\"3 minutos\" \/>\n<script type=\"application\/ld+json\" class=\"yoast-schema-graph\">{\"@context\":\"https:\\\/\\\/schema.org\",\"@graph\":[{\"@type\":\"WebPage\",\"@id\":\"https:\\\/\\\/danielrobertomucheroni.siteup.dev\\\/whats-a-pre-order\\\/\",\"url\":\"https:\\\/\\\/danielrobertomucheroni.siteup.dev\\\/whats-a-pre-order\\\/\",\"name\":\"What Is a Pre-Order? | Ninpon\",\"isPartOf\":{\"@id\":\"https:\\\/\\\/danielrobertomucheroni.siteup.dev\\\/#website\"},\"datePublished\":\"2023-07-12T16:36:01+00:00\",\"dateModified\":\"2025-09-15T09:41:27+00:00\",\"description\":\"Learn how pre-orders work at Ninpon and secure the most anticipated anime and gaming product releases before they sell out.\",\"inLanguage\":\"pt-PT\",\"potentialAction\":[{\"@type\":\"ReadAction\",\"target\":[\"https:\\\/\\\/danielrobertomucheroni.siteup.dev\\\/whats-a-pre-order\\\/\"]}]},{\"@type\":\"WebSite\",\"@id\":\"https:\\\/\\\/danielrobertomucheroni.siteup.dev\\\/#website\",\"url\":\"https:\\\/\\\/danielrobertomucheroni.siteup.dev\\\/\",\"name\":\"Ninpon\",\"description\":\"\",\"publisher\":{\"@id\":\"https:\\\/\\\/danielrobertomucheroni.siteup.dev\\\/#organization\"},\"potentialAction\":[{\"@type\":\"SearchAction\",\"target\":{\"@type\":\"EntryPoint\",\"urlTemplate\":\"https:\\\/\\\/danielrobertomucheroni.siteup.dev\\\/?s={search_term_string}\"},\"query-input\":{\"@type\":\"PropertyValueSpecification\",\"valueRequired\":true,\"valueName\":\"search_term_string\"}}],\"inLanguage\":\"pt-PT\"},{\"@type\":\"Organization\",\"@id\":\"https:\\\/\\\/danielrobertomucheroni.siteup.dev\\\/#organization\",\"name\":\"Ninpon\",\"url\":\"https:\\\/\\\/danielrobertomucheroni.siteup.dev\\\/\",\"logo\":{\"@type\":\"ImageObject\",\"inLanguage\":\"pt-PT\",\"@id\":\"https:\\\/\\\/danielrobertomucheroni.siteup.dev\\\/#\\\/schema\\\/logo\\\/image\\\/\",\"url\":\"https:\\\/\\\/danielrobertomucheroni.siteup.dev\\\/wp-content\\\/uploads\\\/2023\\\/07\\\/logo.svg\",\"contentUrl\":\"https:\\\/\\\/danielrobertomucheroni.siteup.dev\\\/wp-content\\\/uploads\\\/2023\\\/07\\\/logo.svg\",\"width\":168,\"height\":50,\"caption\":\"Ninpon\"},\"image\":{\"@id\":\"https:\\\/\\\/danielrobertomucheroni.siteup.dev\\\/#\\\/schema\\\/logo\\\/image\\\/\"}}]}<\/script>\n<!-- \/ Yoast SEO plugin. -->","yoast_head_json":{"title":"What Is a Pre-Order? | Ninpon","description":"Learn how pre-orders work at Ninpon and secure the most anticipated anime and gaming product releases before they sell out.","robots":{"index":"noindex","follow":"follow","max-snippet":"max-snippet:-1","max-image-preview":"max-image-preview:large","max-video-preview":"max-video-preview:-1"},"og_locale":"pt_PT","og_type":"article","og_title":"What Is a Pre-Order? | Ninpon","og_description":"Learn how pre-orders work at Ninpon and secure the most anticipated anime and gaming product releases before they sell out.","og_url":"https:\/\/danielrobertomucheroni.siteup.dev\/pt\/o-que-e-uma-pre-encomenda\/","og_site_name":"Ninpon","article_modified_time":"2025-09-15T09:41:27+00:00","og_image":[{"width":1200,"height":675,"url":"https:\/\/danielrobertomucheroni.siteup.dev\/wp-content\/uploads\/2025\/09\/seo.png","type":"image\/png"}],"twitter_card":"summary_large_image","twitter_misc":{"Tempo estimado de leitura":"3 minutos"},"schema":{"@context":"https:\/\/schema.org","@graph":[{"@type":"WebPage","@id":"https:\/\/danielrobertomucheroni.siteup.dev\/whats-a-pre-order\/","url":"https:\/\/danielrobertomucheroni.siteup.dev\/whats-a-pre-order\/","name":"What Is a Pre-Order? | Ninpon","isPartOf":{"@id":"https:\/\/danielrobertomucheroni.siteup.dev\/#website"},"datePublished":"2023-07-12T16:36:01+00:00","dateModified":"2025-09-15T09:41:27+00:00","description":"Learn how pre-orders work at Ninpon and secure the most anticipated anime and gaming product releases before they sell out.","inLanguage":"pt-PT","potentialAction":[{"@type":"ReadAction","target":["https:\/\/danielrobertomucheroni.siteup.dev\/whats-a-pre-order\/"]}]},{"@type":"WebSite","@id":"https:\/\/danielrobertomucheroni.siteup.dev\/#website","url":"https:\/\/danielrobertomucheroni.siteup.dev\/","name":"Ninpon","description":"","publisher":{"@id":"https:\/\/danielrobertomucheroni.siteup.dev\/#organization"},"potentialAction":[{"@type":"SearchAction","target":{"@type":"EntryPoint","urlTemplate":"https:\/\/danielrobertomucheroni.siteup.dev\/?s={search_term_string}"},"query-input":{"@type":"PropertyValueSpecification","valueRequired":true,"valueName":"search_term_string"}}],"inLanguage":"pt-PT"},{"@type":"Organization","@id":"https:\/\/danielrobertomucheroni.siteup.dev\/#organization","name":"Ninpon","url":"https:\/\/danielrobertomucheroni.siteup.dev\/","logo":{"@type":"ImageObject","inLanguage":"pt-PT","@id":"https:\/\/danielrobertomucheroni.siteup.dev\/#\/schema\/logo\/image\/","url":"https:\/\/danielrobertomucheroni.siteup.dev\/wp-content\/uploads\/2023\/07\/logo.svg","contentUrl":"https:\/\/danielrobertomucheroni.siteup.dev\/wp-content\/uploads\/2023\/07\/logo.svg","width":168,"height":50,"caption":"Ninpon"},"image":{"@id":"https:\/\/danielrobertomucheroni.siteup.dev\/#\/schema\/logo\/image\/"}}]}},"_links":{"self":[{"href":"https:\/\/danielrobertomucheroni.siteup.dev\/pt\/wp-json\/wp\/v2\/pages\/390","targetHints":{"allow":["GET"]}}],"collection":[{"href":"https:\/\/danielrobertomucheroni.siteup.dev\/pt\/wp-json\/wp\/v2\/pages"}],"about":[{"href":"https:\/\/danielrobertomucheroni.siteup.dev\/pt\/wp-json\/wp\/v2\/types\/page"}],"author":[{"embeddable":true,"href":"https:\/\/danielrobertomucheroni.siteup.dev\/pt\/wp-json\/wp\/v2\/users\/2"}],"replies":[{"embeddable":true,"href":"https:\/\/danielrobertomucheroni.siteup.dev\/pt\/wp-json\/wp\/v2\/comments?post=390"}],"version-history":[{"count":5,"href":"https:\/\/danielrobertomucheroni.siteup.dev\/pt\/wp-json\/wp\/v2\/pages\/390\/revisions"}],"predecessor-version":[{"id":828,"href":"https:\/\/danielrobertomucheroni.siteup.dev\/pt\/wp-json\/wp\/v2\/pages\/390\/revisions\/828"}],"wp:attachment":[{"href":"https:\/\/danielrobertomucheroni.siteup.dev\/pt\/wp-json\/wp\/v2\/media?parent=390"}],"curies":[{"name":"wp","href":"https:\/\/api.w.org\/{rel}","templated":true}]}}