{"id":487,"date":"2023-07-19T18:22:58","date_gmt":"2023-07-19T21:22:58","guid":{"rendered":"https:\/\/danielrobertomucheroni.siteup.dev\/?page_id=487"},"modified":"2025-09-15T06:40:22","modified_gmt":"2025-09-15T09:40:22","slug":"payment-methods","status":"publish","type":"page","link":"https:\/\/danielrobertomucheroni.siteup.dev\/pt\/metodos-de-pagamento\/","title":{"rendered":"M\u00e9todos de pagamento"},"content":{"rendered":"<h2>A Ninpon aceita quatro m\u00e9todos de pagamento:<\/h2>\n<ul class=\"h\">\n<li><strong>Cart\u00e3o de cr\u00e9dito<\/strong><br \/>\n<img loading=\"lazy\" decoding=\"async\" class=\"alignnone wp-image-719 size-full\" title=\"master\" role=\"img\" src=\"https:\/\/danielrobertomucheroni.siteup.dev\/wp-content\/uploads\/2024\/01\/loja-de-figures-1.png\" alt=\"loja de figures ()\" width=\"40\" height=\"24\" srcset=\"https:\/\/danielrobertomucheroni.siteup.dev\/wp-content\/uploads\/2024\/01\/loja-de-figures-1.png 40w, https:\/\/danielrobertomucheroni.siteup.dev\/wp-content\/uploads\/2024\/01\/loja-de-figures-1-18x12.png 18w\" sizes=\"auto, (max-width: 40px) 100vw, 40px\" \/> <img loading=\"lazy\" decoding=\"async\" class=\"alignnone wp-image-720 size-full\" title=\"visa\" role=\"img\" src=\"https:\/\/danielrobertomucheroni.siteup.dev\/wp-content\/uploads\/2024\/01\/loja-de-figures-2.png\" alt=\"loja de figures ()\" width=\"40\" height=\"24\" srcset=\"https:\/\/danielrobertomucheroni.siteup.dev\/wp-content\/uploads\/2024\/01\/loja-de-figures-2.png 40w, https:\/\/danielrobertomucheroni.siteup.dev\/wp-content\/uploads\/2024\/01\/loja-de-figures-2-18x12.png 18w\" sizes=\"auto, (max-width: 40px) 100vw, 40px\" \/><\/li>\n<li><strong>PayPal<\/strong><br \/>\n<img loading=\"lazy\" decoding=\"async\" class=\"alignnone wp-image-718 size-full\" title=\"paypal\" role=\"img\" src=\"https:\/\/danielrobertomucheroni.siteup.dev\/wp-content\/uploads\/2024\/01\/loja-de-figures-5.png\" alt=\"loja de figures ()\" width=\"40\" height=\"24\" srcset=\"https:\/\/danielrobertomucheroni.siteup.dev\/wp-content\/uploads\/2024\/01\/loja-de-figures-5.png 40w, https:\/\/danielrobertomucheroni.siteup.dev\/wp-content\/uploads\/2024\/01\/loja-de-figures-5-18x12.png 18w\" sizes=\"auto, (max-width: 40px) 100vw, 40px\" \/><\/li>\n<li><strong>MB Way<\/strong><br \/>\n<img loading=\"lazy\" decoding=\"async\" class=\"alignnone wp-image-721 size-full\" title=\"mbway\" role=\"img\" src=\"https:\/\/danielrobertomucheroni.siteup.dev\/wp-content\/uploads\/2024\/01\/loja-de-figures-3.png\" alt=\"loja de figures ()\" width=\"40\" height=\"24\" srcset=\"https:\/\/danielrobertomucheroni.siteup.dev\/wp-content\/uploads\/2024\/01\/loja-de-figures-3.png 40w, https:\/\/danielrobertomucheroni.siteup.dev\/wp-content\/uploads\/2024\/01\/loja-de-figures-3-18x12.png 18w\" sizes=\"auto, (max-width: 40px) 100vw, 40px\" \/><\/li>\n<li><strong>Multibanco<\/strong><br \/>\n<img loading=\"lazy\" decoding=\"async\" class=\"alignnone wp-image-722 size-full\" title=\"mb\" role=\"img\" src=\"https:\/\/danielrobertomucheroni.siteup.dev\/wp-content\/uploads\/2024\/01\/loja-de-figures-4.png\" alt=\"loja de figures ()\" width=\"40\" height=\"24\" srcset=\"https:\/\/danielrobertomucheroni.siteup.dev\/wp-content\/uploads\/2024\/01\/loja-de-figures-4.png 40w, https:\/\/danielrobertomucheroni.siteup.dev\/wp-content\/uploads\/2024\/01\/loja-de-figures-4-18x12.png 18w\" sizes=\"auto, (max-width: 40px) 100vw, 40px\" \/><\/li>\n<\/ul>\n<p>All payment methods are safe. We use encryption between your web browser and our servers to encrypt all sensitive data, such as credit card numbers.\u00a0Ninpon does not have access to your credit card information and guarantees the security of your purchase.<\/p>\n<p>* \u00c9 poss\u00edvel que, se o seu cart\u00e3o n\u00e3o tiver confirma\u00e7\u00e3o por SMS, o nosso sistema n\u00e3o o aceite. Neste caso, recomendamos que escolha um m\u00e9todo de pagamento diferente.<\/p>","protected":false},"excerpt":{"rendered":"<p>Ninpon currently accepts four payment methods: Credit Cards PayPal MB Way Multibanco All payment methods are safe. We use encryption between your web browser and our servers to encrypt all sensitive data, such as credit card numbers.\u00a0Ninpon does not have access to your credit card information and guarantees the security of your purchase. * It [&hellip;]<\/p>","protected":false},"author":12,"featured_media":0,"parent":0,"menu_order":0,"comment_status":"closed","ping_status":"closed","template":"","meta":{"footnotes":""},"class_list":["post-487","page","type-page","status-publish","hentry"],"acf":[],"yoast_head":"<!-- This site is optimized with the Yoast SEO plugin v27.3 - https:\/\/yoast.com\/product\/yoast-seo-wordpress\/ -->\n<title>Payment Methods | Ninpon<\/title>\n<meta name=\"description\" content=\"Discover safe and flexible payment methods at Ninpon. Shop anime and gaming merchandise with confidence and security.\" \/>\n<meta name=\"robots\" content=\"noindex, follow, max-snippet:-1, max-image-preview:large, max-video-preview:-1\" \/>\n<meta property=\"og:locale\" content=\"pt_PT\" \/>\n<meta property=\"og:type\" content=\"article\" \/>\n<meta property=\"og:title\" content=\"Payment Methods | Ninpon\" \/>\n<meta property=\"og:description\" content=\"Discover safe and flexible payment methods at Ninpon. Shop anime and gaming merchandise with confidence and security.\" \/>\n<meta property=\"og:url\" content=\"https:\/\/danielrobertomucheroni.siteup.dev\/pt\/metodos-de-pagamento\/\" \/>\n<meta property=\"og:site_name\" content=\"Ninpon\" \/>\n<meta property=\"article:modified_time\" content=\"2025-09-15T09:40:22+00:00\" \/>\n<meta property=\"og:image\" content=\"https:\/\/danielrobertomucheroni.siteup.dev\/wp-content\/uploads\/2024\/01\/loja-de-figures-1.png\" \/>\n<meta name=\"twitter:card\" content=\"summary_large_image\" \/>\n<meta name=\"twitter:label1\" content=\"Tempo estimado de leitura\" \/>\n\t<meta name=\"twitter:data1\" content=\"2 minutos\" \/>\n<script type=\"application\/ld+json\" class=\"yoast-schema-graph\">{\"@context\":\"https:\\\/\\\/schema.org\",\"@graph\":[{\"@type\":\"WebPage\",\"@id\":\"https:\\\/\\\/danielrobertomucheroni.siteup.dev\\\/payment-methods\\\/\",\"url\":\"https:\\\/\\\/danielrobertomucheroni.siteup.dev\\\/payment-methods\\\/\",\"name\":\"Payment Methods | Ninpon\",\"isPartOf\":{\"@id\":\"https:\\\/\\\/danielrobertomucheroni.siteup.dev\\\/#website\"},\"primaryImageOfPage\":{\"@id\":\"https:\\\/\\\/danielrobertomucheroni.siteup.dev\\\/payment-methods\\\/#primaryimage\"},\"image\":{\"@id\":\"https:\\\/\\\/danielrobertomucheroni.siteup.dev\\\/payment-methods\\\/#primaryimage\"},\"thumbnailUrl\":\"https:\\\/\\\/danielrobertomucheroni.siteup.dev\\\/wp-content\\\/uploads\\\/2024\\\/01\\\/loja-de-figures-1.png\",\"datePublished\":\"2023-07-19T21:22:58+00:00\",\"dateModified\":\"2025-09-15T09:40:22+00:00\",\"description\":\"Discover safe and flexible payment methods at Ninpon. Shop anime and gaming merchandise with confidence and security.\",\"inLanguage\":\"pt-PT\",\"potentialAction\":[{\"@type\":\"ReadAction\",\"target\":[\"https:\\\/\\\/danielrobertomucheroni.siteup.dev\\\/payment-methods\\\/\"]}]},{\"@type\":\"ImageObject\",\"inLanguage\":\"pt-PT\",\"@id\":\"https:\\\/\\\/danielrobertomucheroni.siteup.dev\\\/payment-methods\\\/#primaryimage\",\"url\":\"https:\\\/\\\/danielrobertomucheroni.siteup.dev\\\/wp-content\\\/uploads\\\/2024\\\/01\\\/loja-de-figures-1.png\",\"contentUrl\":\"https:\\\/\\\/danielrobertomucheroni.siteup.dev\\\/wp-content\\\/uploads\\\/2024\\\/01\\\/loja-de-figures-1.png\"},{\"@type\":\"WebSite\",\"@id\":\"https:\\\/\\\/danielrobertomucheroni.siteup.dev\\\/#website\",\"url\":\"https:\\\/\\\/danielrobertomucheroni.siteup.dev\\\/\",\"name\":\"Ninpon\",\"description\":\"\",\"publisher\":{\"@id\":\"https:\\\/\\\/danielrobertomucheroni.siteup.dev\\\/#organization\"},\"potentialAction\":[{\"@type\":\"SearchAction\",\"target\":{\"@type\":\"EntryPoint\",\"urlTemplate\":\"https:\\\/\\\/danielrobertomucheroni.siteup.dev\\\/?s={search_term_string}\"},\"query-input\":{\"@type\":\"PropertyValueSpecification\",\"valueRequired\":true,\"valueName\":\"search_term_string\"}}],\"inLanguage\":\"pt-PT\"},{\"@type\":\"Organization\",\"@id\":\"https:\\\/\\\/danielrobertomucheroni.siteup.dev\\\/#organization\",\"name\":\"Ninpon\",\"url\":\"https:\\\/\\\/danielrobertomucheroni.siteup.dev\\\/\",\"logo\":{\"@type\":\"ImageObject\",\"inLanguage\":\"pt-PT\",\"@id\":\"https:\\\/\\\/danielrobertomucheroni.siteup.dev\\\/#\\\/schema\\\/logo\\\/image\\\/\",\"url\":\"https:\\\/\\\/danielrobertomucheroni.siteup.dev\\\/wp-content\\\/uploads\\\/2023\\\/07\\\/logo.svg\",\"contentUrl\":\"https:\\\/\\\/danielrobertomucheroni.siteup.dev\\\/wp-content\\\/uploads\\\/2023\\\/07\\\/logo.svg\",\"width\":168,\"height\":50,\"caption\":\"Ninpon\"},\"image\":{\"@id\":\"https:\\\/\\\/danielrobertomucheroni.siteup.dev\\\/#\\\/schema\\\/logo\\\/image\\\/\"}}]}<\/script>\n<!-- \/ Yoast SEO plugin. -->","yoast_head_json":{"title":"Payment Methods | Ninpon","description":"Discover safe and flexible payment methods at Ninpon. Shop anime and gaming merchandise with confidence and security.","robots":{"index":"noindex","follow":"follow","max-snippet":"max-snippet:-1","max-image-preview":"max-image-preview:large","max-video-preview":"max-video-preview:-1"},"og_locale":"pt_PT","og_type":"article","og_title":"Payment Methods | Ninpon","og_description":"Discover safe and flexible payment methods at Ninpon. Shop anime and gaming merchandise with confidence and security.","og_url":"https:\/\/danielrobertomucheroni.siteup.dev\/pt\/metodos-de-pagamento\/","og_site_name":"Ninpon","article_modified_time":"2025-09-15T09:40:22+00:00","og_image":[{"url":"https:\/\/danielrobertomucheroni.siteup.dev\/wp-content\/uploads\/2024\/01\/loja-de-figures-1.png","type":"","width":"","height":""}],"twitter_card":"summary_large_image","twitter_misc":{"Tempo estimado de leitura":"2 minutos"},"schema":{"@context":"https:\/\/schema.org","@graph":[{"@type":"WebPage","@id":"https:\/\/danielrobertomucheroni.siteup.dev\/payment-methods\/","url":"https:\/\/danielrobertomucheroni.siteup.dev\/payment-methods\/","name":"Payment Methods | Ninpon","isPartOf":{"@id":"https:\/\/danielrobertomucheroni.siteup.dev\/#website"},"primaryImageOfPage":{"@id":"https:\/\/danielrobertomucheroni.siteup.dev\/payment-methods\/#primaryimage"},"image":{"@id":"https:\/\/danielrobertomucheroni.siteup.dev\/payment-methods\/#primaryimage"},"thumbnailUrl":"https:\/\/danielrobertomucheroni.siteup.dev\/wp-content\/uploads\/2024\/01\/loja-de-figures-1.png","datePublished":"2023-07-19T21:22:58+00:00","dateModified":"2025-09-15T09:40:22+00:00","description":"Discover safe and flexible payment methods at Ninpon. Shop anime and gaming merchandise with confidence and security.","inLanguage":"pt-PT","potentialAction":[{"@type":"ReadAction","target":["https:\/\/danielrobertomucheroni.siteup.dev\/payment-methods\/"]}]},{"@type":"ImageObject","inLanguage":"pt-PT","@id":"https:\/\/danielrobertomucheroni.siteup.dev\/payment-methods\/#primaryimage","url":"https:\/\/danielrobertomucheroni.siteup.dev\/wp-content\/uploads\/2024\/01\/loja-de-figures-1.png","contentUrl":"https:\/\/danielrobertomucheroni.siteup.dev\/wp-content\/uploads\/2024\/01\/loja-de-figures-1.png"},{"@type":"WebSite","@id":"https:\/\/danielrobertomucheroni.siteup.dev\/#website","url":"https:\/\/danielrobertomucheroni.siteup.dev\/","name":"Ninpon","description":"","publisher":{"@id":"https:\/\/danielrobertomucheroni.siteup.dev\/#organization"},"potentialAction":[{"@type":"SearchAction","target":{"@type":"EntryPoint","urlTemplate":"https:\/\/danielrobertomucheroni.siteup.dev\/?s={search_term_string}"},"query-input":{"@type":"PropertyValueSpecification","valueRequired":true,"valueName":"search_term_string"}}],"inLanguage":"pt-PT"},{"@type":"Organization","@id":"https:\/\/danielrobertomucheroni.siteup.dev\/#organization","name":"Ninpon","url":"https:\/\/danielrobertomucheroni.siteup.dev\/","logo":{"@type":"ImageObject","inLanguage":"pt-PT","@id":"https:\/\/danielrobertomucheroni.siteup.dev\/#\/schema\/logo\/image\/","url":"https:\/\/danielrobertomucheroni.siteup.dev\/wp-content\/uploads\/2023\/07\/logo.svg","contentUrl":"https:\/\/danielrobertomucheroni.siteup.dev\/wp-content\/uploads\/2023\/07\/logo.svg","width":168,"height":50,"caption":"Ninpon"},"image":{"@id":"https:\/\/danielrobertomucheroni.siteup.dev\/#\/schema\/logo\/image\/"}}]}},"_links":{"self":[{"href":"https:\/\/danielrobertomucheroni.siteup.dev\/pt\/wp-json\/wp\/v2\/pages\/487","targetHints":{"allow":["GET"]}}],"collection":[{"href":"https:\/\/danielrobertomucheroni.siteup.dev\/pt\/wp-json\/wp\/v2\/pages"}],"about":[{"href":"https:\/\/danielrobertomucheroni.siteup.dev\/pt\/wp-json\/wp\/v2\/types\/page"}],"author":[{"embeddable":true,"href":"https:\/\/danielrobertomucheroni.siteup.dev\/pt\/wp-json\/wp\/v2\/users\/12"}],"replies":[{"embeddable":true,"href":"https:\/\/danielrobertomucheroni.siteup.dev\/pt\/wp-json\/wp\/v2\/comments?post=487"}],"version-history":[{"count":14,"href":"https:\/\/danielrobertomucheroni.siteup.dev\/pt\/wp-json\/wp\/v2\/pages\/487\/revisions"}],"predecessor-version":[{"id":827,"href":"https:\/\/danielrobertomucheroni.siteup.dev\/pt\/wp-json\/wp\/v2\/pages\/487\/revisions\/827"}],"wp:attachment":[{"href":"https:\/\/danielrobertomucheroni.siteup.dev\/pt\/wp-json\/wp\/v2\/media?parent=487"}],"curies":[{"name":"wp","href":"https:\/\/api.w.org\/{rel}","templated":true}]}}